{"id":91,"date":"2025-03-25T05:12:35","date_gmt":"2025-03-25T05:12:35","guid":{"rendered":"https:\/\/www.kulickodrahy.com\/?page_id=91"},"modified":"2026-02-25T10:31:25","modified_gmt":"2026-02-25T10:31:25","slug":"venkovni-drevena-kulickodraha","status":"publish","type":"page","link":"https:\/\/www.kulickodrahy.com\/index.php\/venkovni-drevena-kulickodraha\/","title":{"rendered":"Venkovn\u00ed d\u0159ev\u011bn\u00e1 kuli\u010dkodr\u00e1ha"},"content":{"rendered":"<p>[et_pb_section fb_built=&#8220;1&#8243; _builder_version=&#8220;4.27.4&#8243; _module_preset=&#8220;default&#8220; background_enable_color=&#8220;off&#8220; background_image=&#8220;http:\/\/www.kulickodrahy.com\/wp-content\/uploads\/2025\/05\/drevo-struktura-cb-sv.jpg&#8220; parallax=&#8220;on&#8220; min_height=&#8220;243.6px&#8220; custom_padding=&#8220;4px||34px||false|false&#8220; global_colors_info=&#8220;{}&#8220;][et_pb_row column_structure=&#8220;1_4,3_4&#8243; _builder_version=&#8220;4.27.4&#8243; _module_preset=&#8220;default&#8220; width=&#8220;100%&#8220; max_width=&#8220;1250px&#8220; module_alignment=&#8220;left&#8220; custom_padding=&#8220;||10px|||&#8220; global_colors_info=&#8220;{}&#8220;][et_pb_column type=&#8220;1_4&#8243; _builder_version=&#8220;4.27.4&#8243; _module_preset=&#8220;default&#8220; global_colors_info=&#8220;{}&#8220;][et_pb_image src=&#8220;http:\/\/www.kulickodrahy.com\/wp-content\/uploads\/2025\/05\/favicon-kulickodrahy.png&#8220; title_text=&#8220;favicon kulickodrahy&#8220; url=&#8220;https:\/\/www.kulickodrahy.com\/&#8220; align=&#8220;center&#8220; _builder_version=&#8220;4.27.4&#8243; _module_preset=&#8220;default&#8220; width=&#8220;60%&#8220; module_alignment=&#8220;center&#8220; max_height_tablet=&#8220;106px&#8220; max_height_phone=&#8220;100px&#8220; max_height_last_edited=&#8220;on|phone&#8220; animation_style=&#8220;roll&#8220; animation_duration=&#8220;1600ms&#8220; animation_intensity_roll=&#8220;100%&#8220; animation_starting_opacity=&#8220;100%&#8220; animation_speed_curve=&#8220;linear&#8220; animation_repeat=&#8220;loop&#8220; global_colors_info=&#8220;{}&#8220;][\/et_pb_image][\/et_pb_column][et_pb_column type=&#8220;3_4&#8243; _builder_version=&#8220;4.27.4&#8243; _module_preset=&#8220;default&#8220; global_colors_info=&#8220;{}&#8220;][et_pb_text _builder_version=&#8220;4.27.4&#8243; _module_preset=&#8220;default&#8220; text_text_color=&#8220;#000000&#8243; header_font=&#8220;Big Shoulders Inline Text|800|||||||&#8220; header_text_align=&#8220;left&#8220; header_text_color=&#8220;#774500&#8243; header_font_size=&#8220;5em&#8220; custom_margin=&#8220;23px||0px||false|false&#8220; custom_margin_tablet=&#8220;&#8220; custom_margin_phone=&#8220;3px||0px||false|false&#8220; custom_margin_last_edited=&#8220;on|phone&#8220; custom_padding=&#8220;14px|||5px|false|false&#8220; header_text_align_tablet=&#8220;&#8220; header_text_align_phone=&#8220;center&#8220; header_text_align_last_edited=&#8220;on|phone&#8220; header_font_size_tablet=&#8220;&#8220; header_font_size_phone=&#8220;3em&#8220; header_font_size_last_edited=&#8220;on|phone&#8220; text_orientation_tablet=&#8220;&#8220; text_orientation_phone=&#8220;center&#8220; text_orientation_last_edited=&#8220;on|phone&#8220; global_colors_info=&#8220;{}&#8220;]<\/p>\n<h1>Venkovn\u00ed d\u0159ev\u011bn\u00e1 kuli\u010dkodr\u00e1ha<\/h1>\n<p>[\/et_pb_text][\/et_pb_column][\/et_pb_row][\/et_pb_section][et_pb_section fb_built=&#8220;1&#8243; _builder_version=&#8220;4.27.4&#8243; _module_preset=&#8220;default&#8220; custom_padding=&#8220;||||false|false&#8220; global_colors_info=&#8220;{}&#8220;][et_pb_row column_structure=&#8220;1_2,1_2&#8243; _builder_version=&#8220;4.27.4&#8243; _module_preset=&#8220;default&#8220; global_colors_info=&#8220;{}&#8220;][et_pb_column type=&#8220;1_2&#8243; _builder_version=&#8220;4.27.4&#8243; _module_preset=&#8220;default&#8220; global_colors_info=&#8220;{}&#8220;][et_pb_image src=&#8220;http:\/\/www.kulickodrahy.com\/wp-content\/uploads\/2025\/04\/Praha_Treboradice_20230530_193126.jpg&#8220; title_text=&#8220;Praha_T\u0159eboradice_20230530_193126&#8243; _builder_version=&#8220;4.27.4&#8243; _module_preset=&#8220;default&#8220; custom_margin=&#8220;||-6px|||&#8220; global_colors_info=&#8220;{}&#8220;][\/et_pb_image][\/et_pb_column][et_pb_column type=&#8220;1_2&#8243; _builder_version=&#8220;4.27.4&#8243; _module_preset=&#8220;default&#8220; global_colors_info=&#8220;{}&#8220;][et_pb_text _builder_version=&#8220;4.27.4&#8243; _module_preset=&#8220;default&#8220; text_text_color=&#8220;#774500&#8243; text_font_size=&#8220;16px&#8220; header_2_font=&#8220;|800|||||||&#8220; header_2_text_color=&#8220;#774500&#8243; header_2_line_height=&#8220;1.3em&#8220; global_colors_info=&#8220;{}&#8220;]<\/p>\n<p>D\u011btstv\u00ed. Obdob\u00ed, na kter\u00e9 vzpom\u00edn\u00e1 v\u011bt\u0161ina z n\u00e1s s l\u00e1skou. D\u016fle\u017eit\u00e1 p\u0159\u00e1telstv\u00ed se odehr\u00e1vala venku, s ostatn\u00edmi jsme se potk\u00e1vali \u201ena klepa\u010di\u201c a t\u00edm nejst\u0159e\u017een\u011bj\u0161\u00edm tajemstv\u00edm byl bunkr za domem. Venkovn\u00ed d\u0159ev\u011bn\u00e1 kuli\u010dkodr\u00e1ha v\u00e1s do t\u011bchto let vr\u00e1t\u00ed. Venkovn\u00ed d\u0159ev\u011bn\u00e9 atrakce jsou v posledn\u00ed dob\u011b st\u00e1le popul\u00e1rn\u011bj\u0161\u00ed. Ud\u011blejte radost sv\u00fdm d\u011btem, lidem ve va\u0161em m\u011bst\u011b i sob\u011b a nechte si postavit kvalitn\u00ed venkovn\u00ed kuli\u010dkodr\u00e1hu.<\/p>\n<h2>Venkovn\u00ed d\u0159ev\u011bn\u00e9 atrakce pro spr\u00e1vn\u00fd v\u00fdvoj<\/h2>\n<p>D\u011bti miluj\u00ed pohyb, zvuk d\u0159eva a spole\u010dn\u00e9 chv\u00edle, kdy sleduj\u00ed, jak se kuli\u010dka kut\u00e1l\u00ed p\u0159es p\u0159ek\u00e1\u017eky a\u017e do c\u00edle. Ka\u017ed\u00fd p\u00e1d i \u00fasp\u011b\u0161n\u00fd pokus vyvol\u00e1v\u00e1 nad\u0161en\u00ed a sm\u00edch, sd\u00edlen\u00fd s kamar\u00e1dy a rodi\u010di. Venkovn\u00ed kuli\u010dkodr\u00e1ha nen\u00ed jen z\u00e1bava, ale i nen\u00e1padn\u00e9 u\u010den\u00ed, b\u011bhem kter\u00e9ho d\u011bti rozv\u00edjej\u00ed trp\u011blivost, pozornost a schopnost radovat se z mali\u010dkost\u00ed.<\/p>\n<p><em>\u201eD\u011bti nejsou n\u00e1doby, kter\u00e9 pot\u0159ebuj\u00ed naplnit, ale ohe\u0148, kter\u00fd je t\u0159eba rozdm\u00fdchat.\u201c<\/em><\/p>\n<p>[\/et_pb_text][et_pb_video src=&#8220;http:\/\/www.kulickodrahy.com\/wp-content\/uploads\/2021\/08\/km_20210813_1080p3_3.mp4&#8243; _builder_version=&#8220;4.27.4&#8243; _module_preset=&#8220;default&#8220; global_colors_info=&#8220;{}&#8220;][\/et_pb_video][\/et_pb_column][\/et_pb_row][et_pb_row _builder_version=&#8220;4.27.4&#8243; _module_preset=&#8220;default&#8220; global_colors_info=&#8220;{}&#8220;][et_pb_column type=&#8220;4_4&#8243; _builder_version=&#8220;4.27.4&#8243; _module_preset=&#8220;default&#8220; global_colors_info=&#8220;{}&#8220;][et_pb_text _builder_version=&#8220;4.27.4&#8243; _module_preset=&#8220;default&#8220; text_text_color=&#8220;#774500&#8243; text_font_size=&#8220;16px&#8220; header_2_font=&#8220;|800|||||||&#8220; header_2_text_color=&#8220;#774500&#8243; header_2_line_height=&#8220;1.3em&#8220; global_colors_info=&#8220;{}&#8220;]<\/p>\n<p>Nejde o to, kdo bude rychlej\u0161\u00ed nebo \u0161ikovn\u011bj\u0161\u00ed \u2013 venkovn\u00ed d\u0159ev\u011bn\u00e1 kuli\u010dkodr\u00e1ha spojuje d\u011bti i dosp\u011bl\u00e9 v jednoduch\u00e9, ale kouzeln\u00e9 chv\u00edli spole\u010dn\u00e9ho objevov\u00e1n\u00ed. A pr\u00e1v\u011b to je d\u016fle\u017eit\u00e9. C\u00edtit, \u017ee hra nen\u00ed jen o c\u00edli, ale o cest\u011b, kterou sd\u00edl\u00edme s t\u011bmi, na kter\u00fdch n\u00e1m z\u00e1le\u017e\u00ed.<\/p>\n<h2>Poj\u010fme vymyslet v\u00e1\u0161 vlastn\u00ed projekt!<\/h2>\n<p>D\u00e1v\u00e1 v\u00e1m to cel\u00e9 smysl? Jestli ano, poj\u010fme spole\u010dn\u011b vytvo\u0159it n\u00e1vrh na venkovn\u00ed d\u0159ev\u011bnou atrakci i pro v\u00e1s. P\u0159edem se domluv\u00edme, kde bude st\u00e1t, v jak\u00e9m ter\u00e9nu (na m\u00edsto se samoz\u0159ejm\u011b p\u0159ijedu pod\u00edvat), jak bude dlouh\u00e1 a kolik bude m\u00edt soub\u011b\u017en\u00fdch drah. Po\u0161lu v\u00e1m cenovou nab\u00eddku a vy se budete moci v klidu rozhodnout, jestli si pod\u00e1me ruku.<\/p>\n<p>[\/et_pb_text][\/et_pb_column][\/et_pb_row][\/et_pb_section][et_pb_section fb_built=&#8220;1&#8243; _builder_version=&#8220;4.27.4&#8243; _module_preset=&#8220;default&#8220; background_color=&#8220;#ffffff&#8220; background_image=&#8220;http:\/\/www.kulickodrahy.com\/wp-content\/uploads\/2025\/05\/drevo-struktura-soft.jpg&#8220; parallax=&#8220;on&#8220; background_enable_video_mp4=&#8220;off&#8220; min_height=&#8220;353px&#8220; custom_padding=&#8220;2px|||||&#8220; global_colors_info=&#8220;{}&#8220;][et_pb_row column_structure=&#8220;1_2,1_2&#8243; _builder_version=&#8220;4.27.4&#8243; _module_preset=&#8220;default&#8220; max_width=&#8220;1085px&#8220; module_alignment=&#8220;center&#8220; global_colors_info=&#8220;{}&#8220;][et_pb_column type=&#8220;1_2&#8243; _builder_version=&#8220;4.27.4&#8243; _module_preset=&#8220;default&#8220; global_colors_info=&#8220;{}&#8220;][et_pb_text _builder_version=&#8220;4.27.4&#8243; _module_preset=&#8220;default&#8220; text_text_color=&#8220;#000000&#8243; text_font_size=&#8220;21px&#8220; link_font=&#8220;||||on||||&#8220; link_text_color=&#8220;#255268&#8243; link_font_size=&#8220;20px&#8220; link_line_height=&#8220;1.4em&#8220; ul_text_color=&#8220;#255268&#8243; header_2_font=&#8220;||||||||&#8220; header_2_text_color=&#8220;#255268&#8243; header_2_font_size=&#8220;32px&#8220; header_2_line_height=&#8220;1.3em&#8220; global_colors_info=&#8220;{}&#8220;]<\/p>\n<h2>Na\u0161e slu\u017eby<\/h2>\n<ul>\n<li><a href=\"https:\/\/www.kulickodrahy.com\/index.php\/venkovni-drevena-kulickodraha\/\"><span style=\"font-weight: 400;\">V<\/span><span style=\"font-weight: 400;\">enkovn\u00ed d\u0159ev\u011bn\u00e1 kuli\u010dkodr\u00e1ha<\/span><\/a><\/li>\n<li><a href=\"https:\/\/www.kulickodrahy.com\/index.php\/drevena-kulickodraha-pro-verejne-prostory\/\"><span style=\"font-weight: 400;\">D\u0159ev\u011bn\u00e1 kuli\u010dkodr\u00e1ha pro ve\u0159ejn\u00e9 prostory<\/span><\/a><\/li>\n<li><a href=\"https:\/\/www.kulickodrahy.com\/index.php\/kulickodraha-do-hotelu-a-na-detske-hriste\/\"><span style=\"font-weight: 400;\">Kuli\u010dkodr\u00e1ha do hotelu<\/span><span style=\"font-weight: 400;\"> a na d\u011btsk\u00e9 h\u0159i\u0161t\u011b<\/span><\/a><span style=\"font-weight: 400;\"><\/span><\/li>\n<li><a href=\"https:\/\/www.kulickodrahy.com\/index.php\/interaktivni-drevene-hry-pro-deti\/\"><span style=\"font-weight: 400;\">Interaktivn\u00ed d\u0159ev\u011bn\u00e9 hry pro d\u011bti<\/span><\/a><\/li>\n<li><a href=\"https:\/\/www.kulickodrahy.com\/index.php\/detska-atrakce-do-parku\/\"><span style=\"font-weight: 400;\">D\u011btsk\u00e1 atrakce do parku<\/span><\/a><\/li>\n<li><a href=\"https:\/\/www.kulickodrahy.com\/index.php\/originalni-dreveny-mobiliar\/\"><span style=\"font-weight: 400;\">Origin\u00e1ln\u00ed d\u0159ev\u011bn\u00fd mobili\u00e1\u0159<\/span><\/a><\/li>\n<li><a href=\"https:\/\/www.kulickodrahy.com\/index.php\/co-je-to-participativni-rozpocet\/\"><span style=\"font-weight: 400;\">Co je to participativn\u00ed rozpo\u010det?<\/span><\/a><\/li>\n<\/ul>\n<p>[\/et_pb_text][\/et_pb_column][et_pb_column type=&#8220;1_2&#8243; _builder_version=&#8220;4.27.4&#8243; _module_preset=&#8220;default&#8220; global_colors_info=&#8220;{}&#8220;][et_pb_text _builder_version=&#8220;4.27.4&#8243; _module_preset=&#8220;default&#8220; text_text_color=&#8220;#255268&#8243; text_font_size=&#8220;20px&#8220; text_line_height=&#8220;1.8em&#8220; link_text_color=&#8220;#0cfaff&#8220; link_font_size=&#8220;21px&#8220; header_2_font=&#8220;||||||||&#8220; header_2_text_color=&#8220;#255268&#8243; header_2_font_size=&#8220;32px&#8220; header_2_line_height=&#8220;1.3em&#8220; header_3_text_color=&#8220;#FFFFFF&#8220; header_3_font_size=&#8220;28px&#8220; text_orientation=&#8220;center&#8220; min_height=&#8220;247px&#8220; custom_padding=&#8220;0px|10px||10px|false|false&#8220; global_colors_info=&#8220;{}&#8220;]<\/p>\n<h2>Kontakt:<\/h2>\n<p>Ond\u0159ej Ma\u0161ek<br \/>dramasek@seznam.cz<br \/>Tel.: 604 342 098<\/p>\n<p>[\/et_pb_text][\/et_pb_column][\/et_pb_row][\/et_pb_section]<\/p>\n","protected":false},"excerpt":{"rendered":"<p>Venkovn\u00ed d\u0159ev\u011bn\u00e1 kuli\u010dkodr\u00e1haD\u011btstv\u00ed. Obdob\u00ed, na kter\u00e9 vzpom\u00edn\u00e1 v\u011bt\u0161ina z n\u00e1s s l\u00e1skou. D\u016fle\u017eit\u00e1 p\u0159\u00e1telstv\u00ed se odehr\u00e1vala venku, s ostatn\u00edmi jsme se potk\u00e1vali \u201ena klepa\u010di\u201c a t\u00edm nejst\u0159e\u017een\u011bj\u0161\u00edm tajemstv\u00edm byl bunkr za domem. Venkovn\u00ed d\u0159ev\u011bn\u00e1 kuli\u010dkodr\u00e1ha v\u00e1s do t\u011bchto let vr\u00e1t\u00ed. Venkovn\u00ed d\u0159ev\u011bn\u00e9 atrakce jsou v posledn\u00ed dob\u011b st\u00e1le popul\u00e1rn\u011bj\u0161\u00ed. Ud\u011blejte radost sv\u00fdm d\u011btem, lidem ve [&hellip;]<\/p>\n","protected":false},"author":2,"featured_media":0,"parent":0,"menu_order":0,"comment_status":"closed","ping_status":"closed","template":"page-template-blank.php","meta":{"_et_pb_use_builder":"on","_et_pb_old_content":"","_et_gb_content_width":"","footnotes":""},"class_list":["post-91","page","type-page","status-publish","hentry"],"yoast_head":"<!-- This site is optimized with the Yoast SEO plugin v24.7 - https:\/\/yoast.com\/wordpress\/plugins\/seo\/ -->\n<title>Venkovn\u00ed d\u0159ev\u011bn\u00e1 kuli\u010dkodr\u00e1ha | Kuli\u010dkodr\u00e1hy<\/title>\n<meta name=\"description\" content=\"Venkovn\u00ed d\u0159ev\u011bn\u00e9 atrakce, v tomhle p\u0159\u00edpad\u011b venkovn\u00ed kuli\u010dkodr\u00e1ha, zabav\u00ed v\u0161echny od narozen\u00ed do d\u016fchodu. Kulickodrahy.com\" \/>\n<meta name=\"robots\" content=\"index, follow, max-snippet:-1, max-image-preview:large, max-video-preview:-1\" \/>\n<link rel=\"canonical\" href=\"https:\/\/www.kulickodrahy.com\/index.php\/venkovni-drevena-kulickodraha\/\" \/>\n<meta property=\"og:locale\" content=\"cs_CZ\" \/>\n<meta property=\"og:type\" content=\"article\" \/>\n<meta property=\"og:title\" content=\"Venkovn\u00ed d\u0159ev\u011bn\u00e1 kuli\u010dkodr\u00e1ha | Kuli\u010dkodr\u00e1hy\" \/>\n<meta property=\"og:description\" content=\"Venkovn\u00ed d\u0159ev\u011bn\u00e9 atrakce, v tomhle p\u0159\u00edpad\u011b venkovn\u00ed kuli\u010dkodr\u00e1ha, zabav\u00ed v\u0161echny od narozen\u00ed do d\u016fchodu. Kulickodrahy.com\" \/>\n<meta property=\"og:url\" content=\"https:\/\/www.kulickodrahy.com\/index.php\/venkovni-drevena-kulickodraha\/\" \/>\n<meta property=\"og:site_name\" content=\"kulickodrahy.com\" \/>\n<meta property=\"article:modified_time\" content=\"2026-02-25T10:31:25+00:00\" \/>\n<meta name=\"twitter:card\" content=\"summary_large_image\" \/>\n<meta name=\"twitter:label1\" content=\"Odhadovan\u00e1 doba \u010dten\u00ed\" \/>\n\t<meta name=\"twitter:data1\" content=\"2 minuty\" \/>\n<script type=\"application\/ld+json\" class=\"yoast-schema-graph\">{\"@context\":\"https:\/\/schema.org\",\"@graph\":[{\"@type\":\"WebPage\",\"@id\":\"https:\/\/www.kulickodrahy.com\/index.php\/venkovni-drevena-kulickodraha\/\",\"url\":\"https:\/\/www.kulickodrahy.com\/index.php\/venkovni-drevena-kulickodraha\/\",\"name\":\"Venkovn\u00ed d\u0159ev\u011bn\u00e1 kuli\u010dkodr\u00e1ha | Kuli\u010dkodr\u00e1hy\",\"isPartOf\":{\"@id\":\"https:\/\/www.kulickodrahy.com\/#website\"},\"datePublished\":\"2025-03-25T05:12:35+00:00\",\"dateModified\":\"2026-02-25T10:31:25+00:00\",\"description\":\"Venkovn\u00ed d\u0159ev\u011bn\u00e9 atrakce, v tomhle p\u0159\u00edpad\u011b venkovn\u00ed kuli\u010dkodr\u00e1ha, zabav\u00ed v\u0161echny od narozen\u00ed do d\u016fchodu. Kulickodrahy.com\",\"breadcrumb\":{\"@id\":\"https:\/\/www.kulickodrahy.com\/index.php\/venkovni-drevena-kulickodraha\/#breadcrumb\"},\"inLanguage\":\"cs\",\"potentialAction\":[{\"@type\":\"ReadAction\",\"target\":[\"https:\/\/www.kulickodrahy.com\/index.php\/venkovni-drevena-kulickodraha\/\"]}]},{\"@type\":\"BreadcrumbList\",\"@id\":\"https:\/\/www.kulickodrahy.com\/index.php\/venkovni-drevena-kulickodraha\/#breadcrumb\",\"itemListElement\":[{\"@type\":\"ListItem\",\"position\":1,\"name\":\"Dom\u016f\",\"item\":\"https:\/\/www.kulickodrahy.com\/\"},{\"@type\":\"ListItem\",\"position\":2,\"name\":\"Venkovn\u00ed d\u0159ev\u011bn\u00e1 kuli\u010dkodr\u00e1ha\"}]},{\"@type\":\"WebSite\",\"@id\":\"https:\/\/www.kulickodrahy.com\/#website\",\"url\":\"https:\/\/www.kulickodrahy.com\/\",\"name\":\"kulickodrahy.com\",\"description\":\"velk\u00e9 venkovn\u00ed kuli\u010dkodr\u00e1hy\",\"potentialAction\":[{\"@type\":\"SearchAction\",\"target\":{\"@type\":\"EntryPoint\",\"urlTemplate\":\"https:\/\/www.kulickodrahy.com\/?s={search_term_string}\"},\"query-input\":{\"@type\":\"PropertyValueSpecification\",\"valueRequired\":true,\"valueName\":\"search_term_string\"}}],\"inLanguage\":\"cs\"}]}<\/script>\n<!-- \/ Yoast SEO plugin. -->","yoast_head_json":{"title":"Venkovn\u00ed d\u0159ev\u011bn\u00e1 kuli\u010dkodr\u00e1ha | Kuli\u010dkodr\u00e1hy","description":"Venkovn\u00ed d\u0159ev\u011bn\u00e9 atrakce, v tomhle p\u0159\u00edpad\u011b venkovn\u00ed kuli\u010dkodr\u00e1ha, zabav\u00ed v\u0161echny od narozen\u00ed do d\u016fchodu. Kulickodrahy.com","robots":{"index":"index","follow":"follow","max-snippet":"max-snippet:-1","max-image-preview":"max-image-preview:large","max-video-preview":"max-video-preview:-1"},"canonical":"https:\/\/www.kulickodrahy.com\/index.php\/venkovni-drevena-kulickodraha\/","og_locale":"cs_CZ","og_type":"article","og_title":"Venkovn\u00ed d\u0159ev\u011bn\u00e1 kuli\u010dkodr\u00e1ha | Kuli\u010dkodr\u00e1hy","og_description":"Venkovn\u00ed d\u0159ev\u011bn\u00e9 atrakce, v tomhle p\u0159\u00edpad\u011b venkovn\u00ed kuli\u010dkodr\u00e1ha, zabav\u00ed v\u0161echny od narozen\u00ed do d\u016fchodu. Kulickodrahy.com","og_url":"https:\/\/www.kulickodrahy.com\/index.php\/venkovni-drevena-kulickodraha\/","og_site_name":"kulickodrahy.com","article_modified_time":"2026-02-25T10:31:25+00:00","twitter_card":"summary_large_image","twitter_misc":{"Odhadovan\u00e1 doba \u010dten\u00ed":"2 minuty"},"schema":{"@context":"https:\/\/schema.org","@graph":[{"@type":"WebPage","@id":"https:\/\/www.kulickodrahy.com\/index.php\/venkovni-drevena-kulickodraha\/","url":"https:\/\/www.kulickodrahy.com\/index.php\/venkovni-drevena-kulickodraha\/","name":"Venkovn\u00ed d\u0159ev\u011bn\u00e1 kuli\u010dkodr\u00e1ha | Kuli\u010dkodr\u00e1hy","isPartOf":{"@id":"https:\/\/www.kulickodrahy.com\/#website"},"datePublished":"2025-03-25T05:12:35+00:00","dateModified":"2026-02-25T10:31:25+00:00","description":"Venkovn\u00ed d\u0159ev\u011bn\u00e9 atrakce, v tomhle p\u0159\u00edpad\u011b venkovn\u00ed kuli\u010dkodr\u00e1ha, zabav\u00ed v\u0161echny od narozen\u00ed do d\u016fchodu. Kulickodrahy.com","breadcrumb":{"@id":"https:\/\/www.kulickodrahy.com\/index.php\/venkovni-drevena-kulickodraha\/#breadcrumb"},"inLanguage":"cs","potentialAction":[{"@type":"ReadAction","target":["https:\/\/www.kulickodrahy.com\/index.php\/venkovni-drevena-kulickodraha\/"]}]},{"@type":"BreadcrumbList","@id":"https:\/\/www.kulickodrahy.com\/index.php\/venkovni-drevena-kulickodraha\/#breadcrumb","itemListElement":[{"@type":"ListItem","position":1,"name":"Dom\u016f","item":"https:\/\/www.kulickodrahy.com\/"},{"@type":"ListItem","position":2,"name":"Venkovn\u00ed d\u0159ev\u011bn\u00e1 kuli\u010dkodr\u00e1ha"}]},{"@type":"WebSite","@id":"https:\/\/www.kulickodrahy.com\/#website","url":"https:\/\/www.kulickodrahy.com\/","name":"kulickodrahy.com","description":"velk\u00e9 venkovn\u00ed kuli\u010dkodr\u00e1hy","potentialAction":[{"@type":"SearchAction","target":{"@type":"EntryPoint","urlTemplate":"https:\/\/www.kulickodrahy.com\/?s={search_term_string}"},"query-input":{"@type":"PropertyValueSpecification","valueRequired":true,"valueName":"search_term_string"}}],"inLanguage":"cs"}]}},"_links":{"self":[{"href":"https:\/\/www.kulickodrahy.com\/index.php\/wp-json\/wp\/v2\/pages\/91","targetHints":{"allow":["GET"]}}],"collection":[{"href":"https:\/\/www.kulickodrahy.com\/index.php\/wp-json\/wp\/v2\/pages"}],"about":[{"href":"https:\/\/www.kulickodrahy.com\/index.php\/wp-json\/wp\/v2\/types\/page"}],"author":[{"embeddable":true,"href":"https:\/\/www.kulickodrahy.com\/index.php\/wp-json\/wp\/v2\/users\/2"}],"replies":[{"embeddable":true,"href":"https:\/\/www.kulickodrahy.com\/index.php\/wp-json\/wp\/v2\/comments?post=91"}],"version-history":[{"count":11,"href":"https:\/\/www.kulickodrahy.com\/index.php\/wp-json\/wp\/v2\/pages\/91\/revisions"}],"predecessor-version":[{"id":476,"href":"https:\/\/www.kulickodrahy.com\/index.php\/wp-json\/wp\/v2\/pages\/91\/revisions\/476"}],"wp:attachment":[{"href":"https:\/\/www.kulickodrahy.com\/index.php\/wp-json\/wp\/v2\/media?parent=91"}],"curies":[{"name":"wp","href":"https:\/\/api.w.org\/{rel}","templated":true}]}}