{"id":125,"date":"2025-03-25T07:30:06","date_gmt":"2025-03-25T07:30:06","guid":{"rendered":"https:\/\/www.kulickodrahy.com\/?page_id=125"},"modified":"2026-02-25T10:25:27","modified_gmt":"2026-02-25T10:25:27","slug":"co-je-to-participativni-rozpocet","status":"publish","type":"page","link":"https:\/\/www.kulickodrahy.com\/index.php\/co-je-to-participativni-rozpocet\/","title":{"rendered":"Co je to participativn\u00ed rozpo\u010det?"},"content":{"rendered":"<p>[et_pb_section fb_built=&#8220;1&#8243; _builder_version=&#8220;4.27.4&#8243; _module_preset=&#8220;default&#8220; background_enable_color=&#8220;off&#8220; background_image=&#8220;http:\/\/www.kulickodrahy.com\/wp-content\/uploads\/2025\/05\/drevo-struktura-cb-sv.jpg&#8220; parallax=&#8220;on&#8220; min_height=&#8220;243.6px&#8220; custom_padding=&#8220;4px||34px||false|false&#8220; global_colors_info=&#8220;{}&#8220;][et_pb_row column_structure=&#8220;1_4,3_4&#8243; _builder_version=&#8220;4.27.4&#8243; _module_preset=&#8220;default&#8220; width=&#8220;100%&#8220; max_width=&#8220;1250px&#8220; module_alignment=&#8220;left&#8220; custom_padding=&#8220;||10px|||&#8220; global_colors_info=&#8220;{}&#8220;][et_pb_column type=&#8220;1_4&#8243; _builder_version=&#8220;4.27.4&#8243; _module_preset=&#8220;default&#8220; global_colors_info=&#8220;{}&#8220;][et_pb_image src=&#8220;http:\/\/www.kulickodrahy.com\/wp-content\/uploads\/2025\/05\/favicon-kulickodrahy.png&#8220; title_text=&#8220;favicon kulickodrahy&#8220; url=&#8220;https:\/\/www.kulickodrahy.com\/&#8220; align=&#8220;center&#8220; _builder_version=&#8220;4.27.4&#8243; _module_preset=&#8220;default&#8220; width=&#8220;60%&#8220; module_alignment=&#8220;center&#8220; max_height_tablet=&#8220;106px&#8220; max_height_phone=&#8220;100px&#8220; max_height_last_edited=&#8220;on|phone&#8220; animation_style=&#8220;roll&#8220; animation_duration=&#8220;1600ms&#8220; animation_intensity_roll=&#8220;100%&#8220; animation_starting_opacity=&#8220;100%&#8220; animation_speed_curve=&#8220;linear&#8220; animation_repeat=&#8220;loop&#8220; global_colors_info=&#8220;{}&#8220;][\/et_pb_image][\/et_pb_column][et_pb_column type=&#8220;3_4&#8243; _builder_version=&#8220;4.27.4&#8243; _module_preset=&#8220;default&#8220; global_colors_info=&#8220;{}&#8220;][et_pb_text _builder_version=&#8220;4.27.4&#8243; _module_preset=&#8220;default&#8220; text_text_color=&#8220;#000000&#8243; header_font=&#8220;Big Shoulders Inline Text|800|||||||&#8220; header_text_align=&#8220;left&#8220; header_text_color=&#8220;#774500&#8243; header_font_size=&#8220;5em&#8220; custom_margin=&#8220;23px||0px||false|false&#8220; custom_margin_tablet=&#8220;&#8220; custom_margin_phone=&#8220;3px||0px||false|false&#8220; custom_margin_last_edited=&#8220;on|phone&#8220; custom_padding=&#8220;17px|||5px|false|false&#8220; header_text_align_tablet=&#8220;&#8220; header_text_align_phone=&#8220;center&#8220; header_text_align_last_edited=&#8220;on|phone&#8220; header_font_size_tablet=&#8220;&#8220; header_font_size_phone=&#8220;3em&#8220; header_font_size_last_edited=&#8220;on|phone&#8220; text_orientation_tablet=&#8220;&#8220; text_orientation_phone=&#8220;center&#8220; text_orientation_last_edited=&#8220;on|phone&#8220; global_colors_info=&#8220;{}&#8220;]<\/p>\n<h1>Co je to participativn\u00ed rozpo\u010det?<\/h1>\n<p>[\/et_pb_text][\/et_pb_column][\/et_pb_row][\/et_pb_section][et_pb_section fb_built=&#8220;1&#8243; _builder_version=&#8220;4.27.4&#8243; _module_preset=&#8220;default&#8220; background_color=&#8220;#ccf0ff&#8220; custom_margin=&#8220;0px|||||&#8220; custom_padding=&#8220;||2px||false|false&#8220; global_colors_info=&#8220;{}&#8220;][et_pb_row _builder_version=&#8220;4.27.4&#8243; _module_preset=&#8220;default&#8220; width=&#8220;70%&#8220; max_width=&#8220;1400px&#8220; min_height=&#8220;247.8px&#8220; custom_padding=&#8220;10px|||||&#8220; global_colors_info=&#8220;{}&#8220;][et_pb_column type=&#8220;4_4&#8243; _builder_version=&#8220;4.27.4&#8243; _module_preset=&#8220;default&#8220; global_colors_info=&#8220;{}&#8220;][et_pb_cta title=&#8220;Otev\u0159en\u00ed kuli\u010dkodr\u00e1hy v Turnov\u011b &#8220; button_text=&#8220;Kliknut\u00ed&#8220; _builder_version=&#8220;4.27.4&#8243; _module_preset=&#8220;default&#8220; header_level=&#8220;h3&#8243; header_font=&#8220;||||||||&#8220; header_text_align=&#8220;left&#8220; header_text_color=&#8220;#2ad0f9&#8243; header_font_size=&#8220;33px&#8220; body_text_align=&#8220;left&#8220; body_font_size=&#8220;18px&#8220; background_image=&#8220;http:\/\/www.kulickodrahy.com\/wp-content\/uploads\/2025\/04\/Turnov_otevreni_20241013_150420.jpg&#8220; custom_margin=&#8220;-30px||-15px|||&#8220; custom_padding=&#8220;|0px||30px|false|false&#8220; header_text_shadow_style=&#8220;preset2&#8243; header_text_shadow_horizontal_length=&#8220;0.06em&#8220; header_text_shadow_vertical_length=&#8220;0.06em&#8220; body_text_shadow_style=&#8220;preset1&#8243; global_colors_info=&#8220;{}&#8220;]<\/p>\n<blockquote>\n<p>D\u011bti z Turnova a okol\u00ed maj\u00ed novou z\u00e1bavu. D\u00edky participativn\u00edmu rozpo\u010dtu na K\u00e1rovsku vyrostla origin\u00e1ln\u00ed kuli\u010dkodr\u00e1ha. P\u0159\u00edstupn\u00e1 je celoro\u010dn\u011b.<\/p>\n<\/blockquote>\n<p>[\/et_pb_cta][\/et_pb_column][\/et_pb_row][et_pb_row column_structure=&#8220;1_2,1_2&#8243; _builder_version=&#8220;4.27.4&#8243; _module_preset=&#8220;default&#8220; min_height=&#8220;330.2px&#8220; custom_margin=&#8220;|auto|-4px|auto||&#8220; custom_padding=&#8220;||0px|||&#8220; global_colors_info=&#8220;{}&#8220;][et_pb_column type=&#8220;1_2&#8243; _builder_version=&#8220;4.27.4&#8243; _module_preset=&#8220;default&#8220; global_colors_info=&#8220;{}&#8220;][et_pb_text _builder_version=&#8220;4.27.4&#8243; _module_preset=&#8220;default&#8220; text_text_color=&#8220;#774500&#8243; text_font_size=&#8220;16px&#8220; text_line_height=&#8220;1.22em&#8220; header_2_font=&#8220;|800|||||||&#8220; header_2_line_height=&#8220;1.3em&#8220; min_height=&#8220;242.6px&#8220; custom_margin=&#8220;1px||7px|||&#8220; custom_padding=&#8220;||0px|||&#8220; global_colors_info=&#8220;{}&#8220;]<\/p>\n<p>Participativn\u00ed rozpo\u010dty d\u00e1vaj\u00ed lidem \u0161anci ovlivnit, kam p\u016fjdou ve\u0159ejn\u00e9 pen\u00edze. Ka\u017ed\u00fd m\u016f\u017ee navrhnout projekt, zapojit se do diskuse a hlasov\u00e1n\u00edm rozhodnout, co se opravdu uskute\u010dn\u00ed. D\u00edky tomu se komunita v\u00edc propoj\u00ed, zlep\u0161\u00ed se komunikace s radnic\u00ed a vzniknou smyslupln\u00e9 zm\u011bny, kter\u00e9 odpov\u00eddaj\u00ed skute\u010dn\u00fdm pot\u0159eb\u00e1m m\u00edstn\u00edch.<\/p>\n<p>Obce a m\u011bsta t\u00edmto zp\u016fsobem posiluj\u00ed d\u016fv\u011bru lid\u00ed v rozhodov\u00e1n\u00ed o ve\u0159ejn\u00fdch financ\u00edch. Lid\u00e9 nejen z\u00edskaj\u00ed p\u0159ehled o tom, jak rozpo\u010det funguje, ale z\u00e1rove\u0148 se c\u00edt\u00ed b\u00fdt sou\u010d\u00e1st\u00ed n\u011b\u010deho v\u011bt\u0161\u00edho. Nejde jen o opravy chodn\u00edk\u016f nebo nov\u00e9 parky, ale i o podporu kultury, sportu nebo ekologick\u00fdch projekt\u016f, kter\u00e9 by jinak mohly z\u016fstat jen na pap\u00ed\u0159e. Mezi n\u011b pat\u0159\u00ed i mobili\u00e1\u0159e do park\u016f, t\u0159eba moje ru\u010dn\u011b vyroben\u00e9 kuli\u010dkodr\u00e1hy.<\/p>\n<p>[\/et_pb_text][et_pb_text _builder_version=&#8220;4.27.4&#8243; _module_preset=&#8220;default&#8220; text_text_color=&#8220;#774500&#8243; text_font_size=&#8220;16px&#8220; text_line_height=&#8220;1.22em&#8220; header_2_font=&#8220;|800|||||||&#8220; header_2_line_height=&#8220;1.3em&#8220; min_height=&#8220;233.6px&#8220; custom_margin=&#8220;1px||7px|||&#8220; custom_padding=&#8220;||0px|||&#8220; global_colors_info=&#8220;{}&#8220;]<\/p>\n<p>Participativn\u00ed rozpo\u010dty d\u00e1vaj\u00ed lidem \u0161anci ovlivnit, kam p\u016fjdou ve\u0159ejn\u00e9 pen\u00edze. Ka\u017ed\u00fd m\u016f\u017ee navrhnout projekt, zapojit se do diskuse a hlasov\u00e1n\u00edm rozhodnout, co se opravdu uskute\u010dn\u00ed. D\u00edky tomu se komunita v\u00edc propoj\u00ed, zlep\u0161\u00ed se komunikace s radnic\u00ed a vzniknou smyslupln\u00e9 zm\u011bny, kter\u00e9 odpov\u00eddaj\u00ed skute\u010dn\u00fdm pot\u0159eb\u00e1m m\u00edstn\u00edch.<\/p>\n<p>Obce a m\u011bsta t\u00edmto zp\u016fsobem posiluj\u00ed d\u016fv\u011bru lid\u00ed v rozhodov\u00e1n\u00ed o ve\u0159ejn\u00fdch financ\u00edch. Lid\u00e9 nejen z\u00edskaj\u00ed p\u0159ehled o tom, jak rozpo\u010det funguje, ale z\u00e1rove\u0148 se c\u00edt\u00ed b\u00fdt sou\u010d\u00e1st\u00ed n\u011b\u010deho v\u011bt\u0161\u00edho. Nejde jen o opravy chodn\u00edk\u016f nebo nov\u00e9 parky, ale i o podporu kultury, sportu nebo ekologick\u00fdch projekt\u016f, kter\u00e9 by jinak mohly z\u016fstat jen na pap\u00ed\u0159e. Mezi n\u011b pat\u0159\u00ed i mobili\u00e1\u0159e do park\u016f, t\u0159eba moje ru\u010dn\u011b vyroben\u00e9 kuli\u010dkodr\u00e1hy.<\/p>\n<p>[\/et_pb_text][\/et_pb_column][et_pb_column type=&#8220;1_2&#8243; _builder_version=&#8220;4.27.4&#8243; _module_preset=&#8220;default&#8220; global_colors_info=&#8220;{}&#8220;][et_pb_slider _builder_version=&#8220;4.27.4&#8243; _module_preset=&#8220;default&#8220; background_image=&#8220;http:\/\/www.kulickodrahy.com\/wp-content\/uploads\/2025\/04\/Praha_Treboradice_.jpg&#8220; link_option_url=&#8220;https:\/\/www.idnes.cz\/liberec\/zpravy\/kulickova-draha-sport-deti-hra-turnov-participativni-rozpocet-kulickodraha.A241108_825036_liberec-zpravy_lav&#8220; link_option_url_new_window=&#8220;on&#8220; global_colors_info=&#8220;{}&#8220;][et_pb_slide heading=&#8220;Kuli\u010dkodr\u00e1ha Turnov&#8220; button_text=&#8220;\u010dl\u00e1nky&#8220; button_link=&#8220;https:\/\/www.idnes.cz\/liberec\/zpravy\/kulickova-draha-sport-deti-hra-turnov-participativni-rozpocet-kulickodraha.A241108_825036_liberec-zpravy_lav&#8220; _builder_version=&#8220;4.27.4&#8243; _module_preset=&#8220;default&#8220; header_level=&#8220;h3&#8243; header_font=&#8220;||||||||&#8220; header_text_color=&#8220;#FFFFFF&#8220; header_font_size=&#8220;36px&#8220; body_font_size=&#8220;18px&#8220; background_image=&#8220;http:\/\/www.kulickodrahy.com\/wp-content\/uploads\/2025\/04\/w_DSCF4631_1800.jpg&#8220; background_enable_image=&#8220;on&#8220; header_text_shadow_style=&#8220;preset2&#8243; header_text_shadow_horizontal_length=&#8220;0.02em&#8220; header_text_shadow_vertical_length=&#8220;0.02em&#8220; global_colors_info=&#8220;{}&#8220; sticky_transition=&#8220;on&#8220;]<\/p>\n<p>Kuli\u010dkodr\u00e1ha z participativn\u00edho rozpo\u010dtu v Turnov\u011b.<\/p>\n<p>[\/et_pb_slide][et_pb_slide heading=&#8220;Kuli\u010dkodr\u00e1ha v T\u0159eboradic\u00edch&#8220; button_text=&#8220;\u010dl\u00e1nky&#8220; button_link=&#8220;https:\/\/www.facebook.com\/volte.CMT\/posts\/vyzkou%C5%A1eli-jsme-za-v%C3%A1skuli%C4%8Dkov%C3%A1-dr%C3%A1ha-u-rybnika-v-t%C5%99eboradic%C3%ADch-postaven%C3%A1-v-r%C3%A1mc\/664613712371715\/&#8220; _builder_version=&#8220;4.27.4&#8243; _module_preset=&#8220;default&#8220; header_level=&#8220;h3&#8243; header_font=&#8220;||||||||&#8220; header_text_color=&#8220;#FFFFFF&#8220; header_font_size=&#8220;36px&#8220; body_font_size=&#8220;18px&#8220; header_text_shadow_style=&#8220;preset2&#8243; header_text_shadow_horizontal_length=&#8220;0.02em&#8220; header_text_shadow_vertical_length=&#8220;0.02em&#8220; global_colors_info=&#8220;{}&#8220; sticky_transition=&#8220;on&#8220;]<\/p>\n<p>Kuli\u010dkov\u00e1 dr\u00e1ha z participativn\u00edho rozpo\u010dtu v Praze &#8211;\u00a0 \u010cakovic\u00edch (T\u0159eboradic\u00edch)<\/p>\n<p>[\/et_pb_slide][\/et_pb_slider][\/et_pb_column][\/et_pb_row][\/et_pb_section][et_pb_section fb_built=&#8220;1&#8243; _builder_version=&#8220;4.27.4&#8243; _module_preset=&#8220;default&#8220; background_color=&#8220;#efefd2&#8243; custom_padding=&#8220;8px||6px|||&#8220; global_colors_info=&#8220;{}&#8220;][et_pb_row _builder_version=&#8220;4.27.4&#8243; _module_preset=&#8220;default&#8220; global_colors_info=&#8220;{}&#8220;][et_pb_column type=&#8220;4_4&#8243; _builder_version=&#8220;4.27.4&#8243; _module_preset=&#8220;default&#8220; global_colors_info=&#8220;{}&#8220;][et_pb_text _builder_version=&#8220;4.27.4&#8243; _module_preset=&#8220;default&#8220; text_text_color=&#8220;#774500&#8243; text_font_size=&#8220;16px&#8220; text_line_height=&#8220;1.2em&#8220; header_2_font=&#8220;|600|||||||&#8220; header_2_text_color=&#8220;#06617a&#8220; header_2_font_size=&#8220;27px&#8220; header_2_line_height=&#8220;1.3em&#8220; global_colors_info=&#8220;{}&#8220;]<\/p>\n<h2>Kuli\u010dkodr\u00e1ha v r\u00e1mci participativn\u00edho rozpo\u010dtu<\/h2>\n<p>Kuli\u010dkodr\u00e1ha m\u016f\u017ee b\u00fdt skv\u011bl\u00fdm p\u0159\u00edkladem projektu, kter\u00fd vznikne d\u00edky participativn\u00edmu rozpo\u010dtu. Lid\u00e9 v komunit\u011b se shodnou, \u017ee cht\u011bj\u00ed m\u00edsto, kde si d\u011bti mohou hr\u00e1t a z\u00e1rove\u0148 rozv\u00edjet svou kreativitu a projekt je venku.<\/p>\n<ul>\n<li><strong>Zapojen\u00ed komunity<\/strong> \u2013 obyvatel\u00e9 se aktivn\u011b pod\u00edl\u00ed na rozhodov\u00e1n\u00ed a maj\u00ed mo\u017enost ovlivnit vzhled ve\u0159ejn\u00e9ho prostoru.<\/li>\n<li><strong>Podpora volno\u010dasov\u00fdch aktivit<\/strong> \u2013 d\u011bti i rodi\u010de z\u00edskaj\u00ed zaj\u00edmav\u00e9 m\u00edsto, kter\u00e9 podporuje hru, logick\u00e9 my\u0161len\u00ed i soci\u00e1ln\u00ed interakce.<\/li>\n<li><strong>Dostupn\u00e9 a ekologick\u00e9 \u0159e\u0161en\u00ed<\/strong> \u2013 kuli\u010dkodr\u00e1ha je vyrobena z p\u0159\u00edrodn\u00edch materi\u00e1l\u016f a nen\u00e1ro\u010dn\u00e1 na \u00fadr\u017ebu.<\/li>\n<\/ul>\n<h2>Chyb\u00ed v\u00e1m zku\u0161enosti? R\u00e1d v\u00e1m porad\u00edm<\/h2>\n<p>P\u0159em\u00fd\u0161l\u00edte, jak cel\u00fd projekt postavit? Mo\u017en\u00e1 v\u00e1s zaujala n\u011bkter\u00e1 z m\u00fdch kuli\u010dkodr\u00e1h a r\u00e1di byste m\u011bli tak\u00e9 takovou, t\u0159eba pro sv\u00e9 d\u011bti, jako zast\u00e1vku po cest\u011b ze \u0161kolky.<\/p>\n<p>V r\u00e1mci participativn\u00edch projekt\u016f jsem u\u017e n\u011bkolik d\u0159ev\u011bn\u00fdch mobili\u00e1\u0159\u016f, sv\u00fdch kuli\u010dkodr\u00e1h, postavil. R\u00e1d v\u00e1s nasm\u011bruji, od \u010deho za\u010d\u00edt a jak poslat cel\u00fd projekt na m\u011bsto.<\/p>\n<p>[\/et_pb_text][\/et_pb_column][\/et_pb_row][\/et_pb_section][et_pb_section fb_built=&#8220;1&#8243; _builder_version=&#8220;4.27.4&#8243; _module_preset=&#8220;default&#8220; background_color=&#8220;#ffffff&#8220; background_image=&#8220;http:\/\/www.kulickodrahy.com\/wp-content\/uploads\/2025\/05\/drevo-struktura-soft.jpg&#8220; parallax=&#8220;on&#8220; background_enable_video_mp4=&#8220;off&#8220; min_height=&#8220;353px&#8220; custom_padding=&#8220;2px|||||&#8220; global_colors_info=&#8220;{}&#8220;][et_pb_row column_structure=&#8220;1_2,1_2&#8243; _builder_version=&#8220;4.27.4&#8243; _module_preset=&#8220;default&#8220; max_width=&#8220;1085px&#8220; module_alignment=&#8220;center&#8220; global_colors_info=&#8220;{}&#8220;][et_pb_column type=&#8220;1_2&#8243; _builder_version=&#8220;4.27.4&#8243; _module_preset=&#8220;default&#8220; global_colors_info=&#8220;{}&#8220;][et_pb_text _builder_version=&#8220;4.27.4&#8243; _module_preset=&#8220;default&#8220; text_font=&#8220;||||||||&#8220; text_text_color=&#8220;#000000&#8243; text_font_size=&#8220;21px&#8220; link_font=&#8220;||||on||||&#8220; link_text_color=&#8220;#255268&#8243; link_font_size=&#8220;20px&#8220; link_line_height=&#8220;1.4em&#8220; ul_text_color=&#8220;#255268&#8243; header_2_font=&#8220;||||||||&#8220; header_2_text_color=&#8220;#255268&#8243; header_2_font_size=&#8220;32px&#8220; header_2_line_height=&#8220;1.3em&#8220; global_colors_info=&#8220;{}&#8220;]<\/p>\n<h2>Na\u0161e slu\u017eby<\/h2>\n<ul>\n<li><a href=\"https:\/\/www.kulickodrahy.com\/index.php\/venkovni-drevena-kulickodraha\/\"><span style=\"font-weight: 400;\">V<\/span><span style=\"font-weight: 400;\">enkovn\u00ed d\u0159ev\u011bn\u00e1 kuli\u010dkodr\u00e1ha<\/span><\/a><\/li>\n<li><a href=\"https:\/\/www.kulickodrahy.com\/index.php\/drevena-kulickodraha-pro-verejne-prostory\/\"><span style=\"font-weight: 400;\">D\u0159ev\u011bn\u00e1 kuli\u010dkodr\u00e1ha pro ve\u0159ejn\u00e9 prostory<\/span><\/a><\/li>\n<li><a href=\"https:\/\/www.kulickodrahy.com\/index.php\/kulickodraha-do-hotelu-a-na-detske-hriste\/\"><span style=\"font-weight: 400;\">Kuli\u010dkodr\u00e1ha do hotelu<\/span><span style=\"font-weight: 400;\"> a na d\u011btsk\u00e9 h\u0159i\u0161t\u011b<\/span><\/a><span style=\"font-weight: 400;\"><\/span><\/li>\n<li><a href=\"https:\/\/www.kulickodrahy.com\/index.php\/interaktivni-drevene-hry-pro-deti\/\"><span style=\"font-weight: 400;\">Interaktivn\u00ed d\u0159ev\u011bn\u00e9 hry pro d\u011bti<\/span><\/a><\/li>\n<li><a href=\"https:\/\/www.kulickodrahy.com\/index.php\/detska-atrakce-do-parku\/\"><span style=\"font-weight: 400;\">D\u011btsk\u00e1 atrakce do parku<\/span><\/a><\/li>\n<li><a href=\"https:\/\/www.kulickodrahy.com\/index.php\/originalni-dreveny-mobiliar\/\"><span style=\"font-weight: 400;\">Origin\u00e1ln\u00ed d\u0159ev\u011bn\u00fd mobili\u00e1\u0159<\/span><\/a><\/li>\n<li><a href=\"https:\/\/www.kulickodrahy.com\/index.php\/co-je-to-participativni-rozpocet\/\"><span style=\"font-weight: 400;\">Co je to participativn\u00ed rozpo\u010det?<\/span><\/a><\/li>\n<\/ul>\n<p>[\/et_pb_text][\/et_pb_column][et_pb_column type=&#8220;1_2&#8243; _builder_version=&#8220;4.27.4&#8243; _module_preset=&#8220;default&#8220; global_colors_info=&#8220;{}&#8220;][et_pb_text _builder_version=&#8220;4.27.5&#8243; _module_preset=&#8220;default&#8220; text_text_color=&#8220;#255268&#8243; text_font_size=&#8220;20px&#8220; text_line_height=&#8220;1.8em&#8220; link_text_color=&#8220;#0cfaff&#8220; link_font_size=&#8220;21px&#8220; header_2_font=&#8220;||||||||&#8220; header_2_text_color=&#8220;#255268&#8243; header_2_font_size=&#8220;32px&#8220; header_2_line_height=&#8220;1.3em&#8220; header_3_text_color=&#8220;#FFFFFF&#8220; header_3_font_size=&#8220;28px&#8220; text_orientation=&#8220;center&#8220; min_height=&#8220;247px&#8220; custom_padding=&#8220;0px|10px||10px|false|false&#8220; hover_enabled=&#8220;0&#8243; global_colors_info=&#8220;{}&#8220; sticky_enabled=&#8220;0&#8243;]<\/p>\n<h2>Kontakt:<\/h2>\n<p>Ond\u0159ej Ma\u0161ek<br \/>dramasek@seznam.cz<br \/>Tel.: 604 342 098<\/p>\n<p>[\/et_pb_text][\/et_pb_column][\/et_pb_row][\/et_pb_section]<\/p>\n","protected":false},"excerpt":{"rendered":"<p>Co je to participativn\u00ed rozpo\u010det? D\u011bti z Turnova a okol\u00ed maj\u00ed novou z\u00e1bavu. D\u00edky participativn\u00edmu rozpo\u010dtu na K\u00e1rovsku vyrostla origin\u00e1ln\u00ed kuli\u010dkodr\u00e1ha. P\u0159\u00edstupn\u00e1 je celoro\u010dn\u011b. Participativn\u00ed rozpo\u010dty d\u00e1vaj\u00ed lidem \u0161anci ovlivnit, kam p\u016fjdou ve\u0159ejn\u00e9 pen\u00edze. Ka\u017ed\u00fd m\u016f\u017ee navrhnout projekt, zapojit se do diskuse a hlasov\u00e1n\u00edm rozhodnout, co se opravdu uskute\u010dn\u00ed. D\u00edky tomu se komunita v\u00edc propoj\u00ed, [&hellip;]<\/p>\n","protected":false},"author":2,"featured_media":0,"parent":0,"menu_order":0,"comment_status":"closed","ping_status":"closed","template":"page-template-blank.php","meta":{"_et_pb_use_builder":"on","_et_pb_old_content":"","_et_gb_content_width":"","footnotes":""},"class_list":["post-125","page","type-page","status-publish","hentry"],"yoast_head":"<!-- This site is optimized with the Yoast SEO plugin v24.7 - https:\/\/yoast.com\/wordpress\/plugins\/seo\/ -->\n<title>Participativn\u00ed rozpo\u010dty | Kuli\u010dkodr\u00e1hy<\/title>\n<meta name=\"description\" content=\"\u0158e\u0161\u00edte nov\u00e9 vybaven\u00ed do parku nebo jin\u00e9ho ve\u0159ejn\u00e9ho prostoru, v r\u00e1mci participativn\u00edho rozpo\u010dtu? M\u00e1m pro v\u00e1s \u0159e\u0161en\u00ed! Kulickodrahy.com\" \/>\n<meta name=\"robots\" content=\"index, follow, max-snippet:-1, max-image-preview:large, max-video-preview:-1\" \/>\n<link rel=\"canonical\" href=\"https:\/\/www.kulickodrahy.com\/index.php\/co-je-to-participativni-rozpocet\/\" \/>\n<meta property=\"og:locale\" content=\"cs_CZ\" \/>\n<meta property=\"og:type\" content=\"article\" \/>\n<meta property=\"og:title\" content=\"Participativn\u00ed rozpo\u010dty | Kuli\u010dkodr\u00e1hy\" \/>\n<meta property=\"og:description\" content=\"\u0158e\u0161\u00edte nov\u00e9 vybaven\u00ed do parku nebo jin\u00e9ho ve\u0159ejn\u00e9ho prostoru, v r\u00e1mci participativn\u00edho rozpo\u010dtu? M\u00e1m pro v\u00e1s \u0159e\u0161en\u00ed! Kulickodrahy.com\" \/>\n<meta property=\"og:url\" content=\"https:\/\/www.kulickodrahy.com\/index.php\/co-je-to-participativni-rozpocet\/\" \/>\n<meta property=\"og:site_name\" content=\"kulickodrahy.com\" \/>\n<meta property=\"article:modified_time\" content=\"2026-02-25T10:25:27+00:00\" \/>\n<meta name=\"twitter:card\" content=\"summary_large_image\" \/>\n<meta name=\"twitter:label1\" content=\"Odhadovan\u00e1 doba \u010dten\u00ed\" \/>\n\t<meta name=\"twitter:data1\" content=\"2 minuty\" \/>\n<script type=\"application\/ld+json\" class=\"yoast-schema-graph\">{\"@context\":\"https:\/\/schema.org\",\"@graph\":[{\"@type\":\"WebPage\",\"@id\":\"https:\/\/www.kulickodrahy.com\/index.php\/co-je-to-participativni-rozpocet\/\",\"url\":\"https:\/\/www.kulickodrahy.com\/index.php\/co-je-to-participativni-rozpocet\/\",\"name\":\"Participativn\u00ed rozpo\u010dty | Kuli\u010dkodr\u00e1hy\",\"isPartOf\":{\"@id\":\"https:\/\/www.kulickodrahy.com\/#website\"},\"datePublished\":\"2025-03-25T07:30:06+00:00\",\"dateModified\":\"2026-02-25T10:25:27+00:00\",\"description\":\"\u0158e\u0161\u00edte nov\u00e9 vybaven\u00ed do parku nebo jin\u00e9ho ve\u0159ejn\u00e9ho prostoru, v r\u00e1mci participativn\u00edho rozpo\u010dtu? M\u00e1m pro v\u00e1s \u0159e\u0161en\u00ed! Kulickodrahy.com\",\"breadcrumb\":{\"@id\":\"https:\/\/www.kulickodrahy.com\/index.php\/co-je-to-participativni-rozpocet\/#breadcrumb\"},\"inLanguage\":\"cs\",\"potentialAction\":[{\"@type\":\"ReadAction\",\"target\":[\"https:\/\/www.kulickodrahy.com\/index.php\/co-je-to-participativni-rozpocet\/\"]}]},{\"@type\":\"BreadcrumbList\",\"@id\":\"https:\/\/www.kulickodrahy.com\/index.php\/co-je-to-participativni-rozpocet\/#breadcrumb\",\"itemListElement\":[{\"@type\":\"ListItem\",\"position\":1,\"name\":\"Dom\u016f\",\"item\":\"https:\/\/www.kulickodrahy.com\/\"},{\"@type\":\"ListItem\",\"position\":2,\"name\":\"Co je to participativn\u00ed rozpo\u010det?\"}]},{\"@type\":\"WebSite\",\"@id\":\"https:\/\/www.kulickodrahy.com\/#website\",\"url\":\"https:\/\/www.kulickodrahy.com\/\",\"name\":\"kulickodrahy.com\",\"description\":\"velk\u00e9 venkovn\u00ed kuli\u010dkodr\u00e1hy\",\"potentialAction\":[{\"@type\":\"SearchAction\",\"target\":{\"@type\":\"EntryPoint\",\"urlTemplate\":\"https:\/\/www.kulickodrahy.com\/?s={search_term_string}\"},\"query-input\":{\"@type\":\"PropertyValueSpecification\",\"valueRequired\":true,\"valueName\":\"search_term_string\"}}],\"inLanguage\":\"cs\"}]}<\/script>\n<!-- \/ Yoast SEO plugin. -->","yoast_head_json":{"title":"Participativn\u00ed rozpo\u010dty | Kuli\u010dkodr\u00e1hy","description":"\u0158e\u0161\u00edte nov\u00e9 vybaven\u00ed do parku nebo jin\u00e9ho ve\u0159ejn\u00e9ho prostoru, v r\u00e1mci participativn\u00edho rozpo\u010dtu? M\u00e1m pro v\u00e1s \u0159e\u0161en\u00ed! Kulickodrahy.com","robots":{"index":"index","follow":"follow","max-snippet":"max-snippet:-1","max-image-preview":"max-image-preview:large","max-video-preview":"max-video-preview:-1"},"canonical":"https:\/\/www.kulickodrahy.com\/index.php\/co-je-to-participativni-rozpocet\/","og_locale":"cs_CZ","og_type":"article","og_title":"Participativn\u00ed rozpo\u010dty | Kuli\u010dkodr\u00e1hy","og_description":"\u0158e\u0161\u00edte nov\u00e9 vybaven\u00ed do parku nebo jin\u00e9ho ve\u0159ejn\u00e9ho prostoru, v r\u00e1mci participativn\u00edho rozpo\u010dtu? M\u00e1m pro v\u00e1s \u0159e\u0161en\u00ed! Kulickodrahy.com","og_url":"https:\/\/www.kulickodrahy.com\/index.php\/co-je-to-participativni-rozpocet\/","og_site_name":"kulickodrahy.com","article_modified_time":"2026-02-25T10:25:27+00:00","twitter_card":"summary_large_image","twitter_misc":{"Odhadovan\u00e1 doba \u010dten\u00ed":"2 minuty"},"schema":{"@context":"https:\/\/schema.org","@graph":[{"@type":"WebPage","@id":"https:\/\/www.kulickodrahy.com\/index.php\/co-je-to-participativni-rozpocet\/","url":"https:\/\/www.kulickodrahy.com\/index.php\/co-je-to-participativni-rozpocet\/","name":"Participativn\u00ed rozpo\u010dty | Kuli\u010dkodr\u00e1hy","isPartOf":{"@id":"https:\/\/www.kulickodrahy.com\/#website"},"datePublished":"2025-03-25T07:30:06+00:00","dateModified":"2026-02-25T10:25:27+00:00","description":"\u0158e\u0161\u00edte nov\u00e9 vybaven\u00ed do parku nebo jin\u00e9ho ve\u0159ejn\u00e9ho prostoru, v r\u00e1mci participativn\u00edho rozpo\u010dtu? M\u00e1m pro v\u00e1s \u0159e\u0161en\u00ed! Kulickodrahy.com","breadcrumb":{"@id":"https:\/\/www.kulickodrahy.com\/index.php\/co-je-to-participativni-rozpocet\/#breadcrumb"},"inLanguage":"cs","potentialAction":[{"@type":"ReadAction","target":["https:\/\/www.kulickodrahy.com\/index.php\/co-je-to-participativni-rozpocet\/"]}]},{"@type":"BreadcrumbList","@id":"https:\/\/www.kulickodrahy.com\/index.php\/co-je-to-participativni-rozpocet\/#breadcrumb","itemListElement":[{"@type":"ListItem","position":1,"name":"Dom\u016f","item":"https:\/\/www.kulickodrahy.com\/"},{"@type":"ListItem","position":2,"name":"Co je to participativn\u00ed rozpo\u010det?"}]},{"@type":"WebSite","@id":"https:\/\/www.kulickodrahy.com\/#website","url":"https:\/\/www.kulickodrahy.com\/","name":"kulickodrahy.com","description":"velk\u00e9 venkovn\u00ed kuli\u010dkodr\u00e1hy","potentialAction":[{"@type":"SearchAction","target":{"@type":"EntryPoint","urlTemplate":"https:\/\/www.kulickodrahy.com\/?s={search_term_string}"},"query-input":{"@type":"PropertyValueSpecification","valueRequired":true,"valueName":"search_term_string"}}],"inLanguage":"cs"}]}},"_links":{"self":[{"href":"https:\/\/www.kulickodrahy.com\/index.php\/wp-json\/wp\/v2\/pages\/125","targetHints":{"allow":["GET"]}}],"collection":[{"href":"https:\/\/www.kulickodrahy.com\/index.php\/wp-json\/wp\/v2\/pages"}],"about":[{"href":"https:\/\/www.kulickodrahy.com\/index.php\/wp-json\/wp\/v2\/types\/page"}],"author":[{"embeddable":true,"href":"https:\/\/www.kulickodrahy.com\/index.php\/wp-json\/wp\/v2\/users\/2"}],"replies":[{"embeddable":true,"href":"https:\/\/www.kulickodrahy.com\/index.php\/wp-json\/wp\/v2\/comments?post=125"}],"version-history":[{"count":30,"href":"https:\/\/www.kulickodrahy.com\/index.php\/wp-json\/wp\/v2\/pages\/125\/revisions"}],"predecessor-version":[{"id":467,"href":"https:\/\/www.kulickodrahy.com\/index.php\/wp-json\/wp\/v2\/pages\/125\/revisions\/467"}],"wp:attachment":[{"href":"https:\/\/www.kulickodrahy.com\/index.php\/wp-json\/wp\/v2\/media?parent=125"}],"curies":[{"name":"wp","href":"https:\/\/api.w.org\/{rel}","templated":true}]}}