{"id":115,"date":"2025-03-25T07:17:31","date_gmt":"2025-03-25T07:17:31","guid":{"rendered":"https:\/\/www.kulickodrahy.com\/?page_id=115"},"modified":"2026-02-25T10:26:15","modified_gmt":"2026-02-25T10:26:15","slug":"detska-atrakce-do-parku","status":"publish","type":"page","link":"https:\/\/www.kulickodrahy.com\/index.php\/detska-atrakce-do-parku\/","title":{"rendered":"D\u011btsk\u00e1 atrakce do parku"},"content":{"rendered":"<p>[et_pb_section fb_built=&#8220;1&#8243; _builder_version=&#8220;4.27.4&#8243; _module_preset=&#8220;default&#8220; background_enable_color=&#8220;off&#8220; background_image=&#8220;http:\/\/www.kulickodrahy.com\/wp-content\/uploads\/2025\/05\/drevo-struktura-cb-sv.jpg&#8220; parallax=&#8220;on&#8220; min_height=&#8220;243.6px&#8220; custom_padding=&#8220;4px||34px||false|false&#8220; global_colors_info=&#8220;{}&#8220;][et_pb_row column_structure=&#8220;1_4,3_4&#8243; _builder_version=&#8220;4.27.4&#8243; _module_preset=&#8220;default&#8220; width=&#8220;100%&#8220; max_width=&#8220;1250px&#8220; module_alignment=&#8220;left&#8220; custom_padding=&#8220;||10px|||&#8220; global_colors_info=&#8220;{}&#8220;][et_pb_column type=&#8220;1_4&#8243; _builder_version=&#8220;4.27.4&#8243; _module_preset=&#8220;default&#8220; global_colors_info=&#8220;{}&#8220;][et_pb_image src=&#8220;http:\/\/www.kulickodrahy.com\/wp-content\/uploads\/2025\/05\/favicon-kulickodrahy.png&#8220; title_text=&#8220;favicon kulickodrahy&#8220; url=&#8220;https:\/\/www.kulickodrahy.com\/&#8220; align=&#8220;center&#8220; _builder_version=&#8220;4.27.4&#8243; _module_preset=&#8220;default&#8220; width=&#8220;60%&#8220; module_alignment=&#8220;center&#8220; max_height_tablet=&#8220;106px&#8220; max_height_phone=&#8220;100px&#8220; max_height_last_edited=&#8220;on|phone&#8220; animation_style=&#8220;roll&#8220; animation_duration=&#8220;1600ms&#8220; animation_intensity_roll=&#8220;100%&#8220; animation_starting_opacity=&#8220;100%&#8220; animation_speed_curve=&#8220;linear&#8220; animation_repeat=&#8220;loop&#8220; global_colors_info=&#8220;{}&#8220;][\/et_pb_image][\/et_pb_column][et_pb_column type=&#8220;3_4&#8243; _builder_version=&#8220;4.27.4&#8243; _module_preset=&#8220;default&#8220; global_colors_info=&#8220;{}&#8220;][et_pb_text _builder_version=&#8220;4.27.4&#8243; _module_preset=&#8220;default&#8220; text_text_color=&#8220;#000000&#8243; header_font=&#8220;Big Shoulders Inline Text|800|||||||&#8220; header_text_align=&#8220;left&#8220; header_text_color=&#8220;#774500&#8243; header_font_size=&#8220;5em&#8220; custom_margin=&#8220;23px||0px||false|false&#8220; custom_margin_tablet=&#8220;&#8220; custom_margin_phone=&#8220;3px||0px||false|false&#8220; custom_margin_last_edited=&#8220;on|phone&#8220; custom_padding=&#8220;14px|||5px|false|false&#8220; header_text_align_tablet=&#8220;&#8220; header_text_align_phone=&#8220;center&#8220; header_text_align_last_edited=&#8220;on|phone&#8220; header_font_size_tablet=&#8220;&#8220; header_font_size_phone=&#8220;3em&#8220; header_font_size_last_edited=&#8220;on|phone&#8220; text_orientation_tablet=&#8220;&#8220; text_orientation_phone=&#8220;center&#8220; text_orientation_last_edited=&#8220;on|phone&#8220; global_colors_info=&#8220;{}&#8220;]<\/p>\n<h1>D\u011btsk\u00e1 atrakce do parku<\/h1>\n<p>[\/et_pb_text][\/et_pb_column][\/et_pb_row][\/et_pb_section][et_pb_section fb_built=&#8220;1&#8243; specialty=&#8220;on&#8220; _builder_version=&#8220;4.27.4&#8243; _module_preset=&#8220;default&#8220; background_color=&#8220;#FFFFFF&#8220; custom_padding=&#8220;2px|||||&#8220; global_colors_info=&#8220;{}&#8220;][et_pb_column type=&#8220;1_2&#8243; _builder_version=&#8220;4.16&#8243; custom_padding=&#8220;|||&#8220; global_colors_info=&#8220;{}&#8220; custom_padding__hover=&#8220;|||&#8220;][et_pb_image src=&#8220;http:\/\/www.kulickodrahy.com\/wp-content\/uploads\/2025\/04\/P_20211024_151125_vHDR_Auto.jpg&#8220; title_text=&#8220;P_20211024_151125_vHDR_Auto&#8220; _builder_version=&#8220;4.27.4&#8243; _module_preset=&#8220;default&#8220; custom_margin=&#8220;|2px|45px|||&#8220; global_colors_info=&#8220;{}&#8220;][\/et_pb_image][\/et_pb_column][et_pb_column type=&#8220;1_2&#8243; specialty_columns=&#8220;2&#8243; _builder_version=&#8220;4.16&#8243; custom_padding=&#8220;|||&#8220; global_colors_info=&#8220;{}&#8220; custom_padding__hover=&#8220;|||&#8220;][et_pb_row_inner _builder_version=&#8220;4.27.4&#8243; _module_preset=&#8220;default&#8220; custom_margin=&#8220;||-6px|||&#8220; custom_padding=&#8220;30px|||||&#8220; global_colors_info=&#8220;{}&#8220;][et_pb_column_inner saved_specialty_column_type=&#8220;1_2&#8243; _builder_version=&#8220;4.27.4&#8243; _module_preset=&#8220;default&#8220; global_colors_info=&#8220;{}&#8220;][et_pb_text _builder_version=&#8220;4.27.4&#8243; _module_preset=&#8220;default&#8220; text_text_color=&#8220;#774500&#8243; text_font_size=&#8220;18px&#8220; text_line_height=&#8220;1.22em&#8220; header_2_font=&#8220;|700|||||||&#8220; header_2_text_color=&#8220;#06617a&#8220; header_2_line_height=&#8220;1.3em&#8220; custom_padding=&#8220;||0px|||&#8220; global_colors_info=&#8220;{}&#8220;]<\/p>\n<p>Nekone\u010dn\u00e1 z\u00e1bava pro d\u011bti? Po\u0159i\u010fte pro n\u011b kus p\u0159\u00edrody. Pro d\u011btsk\u00e9 atrakce do parku pou\u017e\u00edv\u00e1m kvalitn\u00ed a odoln\u00e9 d\u0159evo, kter\u00e9 zvl\u00e1dne rozmary po\u010das\u00ed i d\u011btsk\u00e9 nad\u0161en\u00ed. Ka\u017ed\u00fd kus pe\u010dliv\u011b opracuji, aby byl bezpe\u010dn\u00fd a dlouho vydr\u017eel.<\/p>\n<h2>D\u011btsk\u00e9 atrakce do parku? Jedin\u011b d\u0159evo!<\/h2>\n<p>P\u0159i v\u00fdrob\u011b pou\u017e\u00edv\u00e1m pevn\u00e9 a odoln\u00e9 d\u0159eviny, kter\u00e9 zvl\u00e1dnou n\u00e1ro\u010dn\u00e9 venkovn\u00ed podm\u00ednky a z\u00e1rove\u0148 jsou p\u0159\u00edjemn\u00e9 na dotek. Ka\u017ed\u00fd druh d\u0159eva m\u00e1 sv\u00e9 v\u00fdhody. Pro ka\u017edou d\u011btskou atrakci do parku vyb\u00edr\u00e1m v\u017edy to nejvhodn\u011bj\u0161\u00ed.<\/p>\n<ul>\n<li><strong>Dub<\/strong> \u2013 extr\u00e9mn\u011b pevn\u00fd a odoln\u00fd, skv\u011ble sn\u00e1\u0161\u00ed vlhko i mechanick\u00e9 nam\u00e1h\u00e1n\u00ed.<\/li>\n<li><strong>Mod\u0159\u00edn<\/strong> \u2013 odoln\u00fd v\u016f\u010di pov\u011btrnostn\u00edm vliv\u016fm, obsahuje prysky\u0159ici, kter\u00e1 p\u0159irozen\u011b chr\u00e1n\u00ed d\u0159evo.<\/li>\n<li><strong>Borovice<\/strong> \u2013 lehk\u00e1, snadno se s n\u00ed pracuje, m\u00e1 kr\u00e1snou strukturou letokruh\u016f.<\/li>\n<li><strong>Ak\u00e1t<\/strong> \u2013 velmi tvrd\u00fd a trvanliv\u00fd, ide\u00e1ln\u00ed na h\u0159i\u0161t\u011b s vysokou z\u00e1t\u011b\u017e\u00ed.<\/li>\n<li><strong>Smrk<\/strong> \u2013 cenov\u011b dostupn\u00fd, vhodn\u00fd na m\u00e9n\u011b nam\u00e1han\u00e9 prvky.<\/li>\n<li><strong>Jasan<\/strong> \u2013 pru\u017en\u00fd a hou\u017eevnat\u00fd, v\u00fdborn\u00fd na pohybliv\u00e9 \u010d\u00e1sti hern\u00edch prvk\u016f.<\/li>\n<\/ul>\n<p>[\/et_pb_text][\/et_pb_column_inner][\/et_pb_row_inner][et_pb_row_inner _builder_version=&#8220;4.27.4&#8243; _module_preset=&#8220;default&#8220; custom_margin=&#8220;-27px|||||&#8220; global_colors_info=&#8220;{}&#8220;][et_pb_column_inner saved_specialty_column_type=&#8220;1_2&#8243; _builder_version=&#8220;4.27.4&#8243; _module_preset=&#8220;default&#8220; global_colors_info=&#8220;{}&#8220;][et_pb_text _builder_version=&#8220;4.27.4&#8243; _module_preset=&#8220;default&#8220; text_text_color=&#8220;#774500&#8243; text_font_size=&#8220;18px&#8220; header_2_font=&#8220;|700|||||||&#8220; header_2_text_color=&#8220;#06617a&#8220; header_2_line_height=&#8220;1.3em&#8220; global_colors_info=&#8220;{}&#8220;]<\/p>\n<h2>Jak postupuji p\u0159i tvorb\u011b konkr\u00e9tn\u00edho n\u00e1vrhu?<\/h2>\n<p>Jako v\u00fdtvarn\u00edk m\u00e1m v hlav\u011b v\u00edc n\u00e1pad\u016f, ne\u017e kolik jich zvl\u00e1dnu realizovat. Na stole se mi v\u00e1l\u00ed jedna skica vedle druh\u00e9. V\u0161emi n\u00e1pady se pe\u010dliv\u011b proberu, pod\u00edv\u00e1m se na n\u011b ze v\u0161ech \u00fahl\u016f a realizuji jen ty, kter\u00e9 jsou skute\u010dn\u011b \u017eivotaschopn\u00e9 a p\u0159edev\u0161\u00edm, p\u0159inesou sv\u011btu kolem m\u011b p\u0159idanou hodnotu.<\/p>\n<p>Podobn\u011b postupuji p\u0159i n\u00e1vrhu d\u011btsk\u00e9 atrakce do parku, kterou si u m\u011b popt\u00e1te jako m\u011bsto nebo soukromn\u00edk. Vytvo\u0159\u00edm n\u011bkolik skic, z nich\u017e vyberu p\u00e1r, s kter\u00fdmi budu maxim\u00e1ln\u011b spokojen\u00fd a ty v\u00e1m uk\u00e1\u017eu p\u0159i konzultaci. Jakmile dolad\u00edme detaily, p\u0159iprav\u00edm fin\u00e1ln\u00ed n\u00e1vrh, od kter\u00e9ho se p\u0159esuneme k realizaci.<\/p>\n<p>[\/et_pb_text][\/et_pb_column_inner][\/et_pb_row_inner][\/et_pb_column][\/et_pb_section][et_pb_section fb_built=&#8220;1&#8243; _builder_version=&#8220;4.27.4&#8243; _module_preset=&#8220;default&#8220; background_color=&#8220;#ffffff&#8220; background_image=&#8220;http:\/\/www.kulickodrahy.com\/wp-content\/uploads\/2025\/05\/drevo-struktura-soft.jpg&#8220; parallax=&#8220;on&#8220; background_enable_video_mp4=&#8220;off&#8220; min_height=&#8220;353px&#8220; custom_padding=&#8220;2px|||||&#8220; global_colors_info=&#8220;{}&#8220;][et_pb_row column_structure=&#8220;1_2,1_2&#8243; _builder_version=&#8220;4.27.4&#8243; _module_preset=&#8220;default&#8220; max_width=&#8220;1085px&#8220; module_alignment=&#8220;center&#8220; global_colors_info=&#8220;{}&#8220;][et_pb_column type=&#8220;1_2&#8243; _builder_version=&#8220;4.27.4&#8243; _module_preset=&#8220;default&#8220; global_colors_info=&#8220;{}&#8220;][et_pb_text _builder_version=&#8220;4.27.4&#8243; _module_preset=&#8220;default&#8220; text_text_color=&#8220;#000000&#8243; text_font_size=&#8220;21px&#8220; link_font=&#8220;||||on||||&#8220; link_text_color=&#8220;#255268&#8243; link_font_size=&#8220;20px&#8220; link_line_height=&#8220;1.4em&#8220; ul_text_color=&#8220;#255268&#8243; header_2_font=&#8220;||||||||&#8220; header_2_text_color=&#8220;#255268&#8243; header_2_font_size=&#8220;32px&#8220; header_2_line_height=&#8220;1.3em&#8220; global_colors_info=&#8220;{}&#8220;]<\/p>\n<h2>Na\u0161e slu\u017eby<\/h2>\n<ul>\n<li><a href=\"https:\/\/www.kulickodrahy.com\/index.php\/venkovni-drevena-kulickodraha\/\"><span style=\"font-weight: 400;\">V<\/span><span style=\"font-weight: 400;\">enkovn\u00ed d\u0159ev\u011bn\u00e1 kuli\u010dkodr\u00e1ha<\/span><\/a><\/li>\n<li><a href=\"https:\/\/www.kulickodrahy.com\/index.php\/drevena-kulickodraha-pro-verejne-prostory\/\"><span style=\"font-weight: 400;\">D\u0159ev\u011bn\u00e1 kuli\u010dkodr\u00e1ha pro ve\u0159ejn\u00e9 prostory<\/span><\/a><\/li>\n<li><a href=\"https:\/\/www.kulickodrahy.com\/index.php\/kulickodraha-do-hotelu-a-na-detske-hriste\/\"><span style=\"font-weight: 400;\">Kuli\u010dkodr\u00e1ha do hotelu<\/span><span style=\"font-weight: 400;\"> a na d\u011btsk\u00e9 h\u0159i\u0161t\u011b<\/span><\/a><span style=\"font-weight: 400;\"><\/span><\/li>\n<li><a href=\"https:\/\/www.kulickodrahy.com\/index.php\/interaktivni-drevene-hry-pro-deti\/\"><span style=\"font-weight: 400;\">Interaktivn\u00ed d\u0159ev\u011bn\u00e9 hry pro d\u011bti<\/span><\/a><\/li>\n<li><a href=\"https:\/\/www.kulickodrahy.com\/index.php\/detska-atrakce-do-parku\/\"><span style=\"font-weight: 400;\">D\u011btsk\u00e1 atrakce do parku<\/span><\/a><\/li>\n<li><a href=\"https:\/\/www.kulickodrahy.com\/index.php\/originalni-dreveny-mobiliar\/\"><span style=\"font-weight: 400;\">Origin\u00e1ln\u00ed d\u0159ev\u011bn\u00fd mobili\u00e1\u0159<\/span><\/a><\/li>\n<li><a href=\"https:\/\/www.kulickodrahy.com\/index.php\/co-je-to-participativni-rozpocet\/\"><span style=\"font-weight: 400;\">Co je to participativn\u00ed rozpo\u010det?<\/span><\/a><\/li>\n<\/ul>\n<p>[\/et_pb_text][\/et_pb_column][et_pb_column type=&#8220;1_2&#8243; _builder_version=&#8220;4.27.4&#8243; _module_preset=&#8220;default&#8220; global_colors_info=&#8220;{}&#8220;][et_pb_text _builder_version=&#8220;4.27.4&#8243; _module_preset=&#8220;default&#8220; text_text_color=&#8220;#255268&#8243; text_font_size=&#8220;20px&#8220; text_line_height=&#8220;1.8em&#8220; link_text_color=&#8220;#0cfaff&#8220; link_font_size=&#8220;21px&#8220; header_2_font=&#8220;||||||||&#8220; header_2_text_color=&#8220;#255268&#8243; header_2_font_size=&#8220;32px&#8220; header_2_line_height=&#8220;1.3em&#8220; header_3_text_color=&#8220;#FFFFFF&#8220; header_3_font_size=&#8220;28px&#8220; text_orientation=&#8220;center&#8220; min_height=&#8220;247px&#8220; custom_padding=&#8220;0px|10px||10px|false|false&#8220; global_colors_info=&#8220;{}&#8220;]<\/p>\n<h2>Kontakt:<\/h2>\n<p>Ond\u0159ej Ma\u0161ek<br \/>dramasek@seznam.cz<br \/>Tel.: 604 342 098<\/p>\n<p>[\/et_pb_text][\/et_pb_column][\/et_pb_row][\/et_pb_section]<\/p>\n","protected":false},"excerpt":{"rendered":"<p>D\u011btsk\u00e1 atrakce do parkuNekone\u010dn\u00e1 z\u00e1bava pro d\u011bti? Po\u0159i\u010fte pro n\u011b kus p\u0159\u00edrody. Pro d\u011btsk\u00e9 atrakce do parku pou\u017e\u00edv\u00e1m kvalitn\u00ed a odoln\u00e9 d\u0159evo, kter\u00e9 zvl\u00e1dne rozmary po\u010das\u00ed i d\u011btsk\u00e9 nad\u0161en\u00ed. Ka\u017ed\u00fd kus pe\u010dliv\u011b opracuji, aby byl bezpe\u010dn\u00fd a dlouho vydr\u017eel. D\u011btsk\u00e9 atrakce do parku? Jedin\u011b d\u0159evo! P\u0159i v\u00fdrob\u011b pou\u017e\u00edv\u00e1m pevn\u00e9 a odoln\u00e9 d\u0159eviny, kter\u00e9 zvl\u00e1dnou n\u00e1ro\u010dn\u00e9 [&hellip;]<\/p>\n","protected":false},"author":2,"featured_media":0,"parent":0,"menu_order":0,"comment_status":"closed","ping_status":"closed","template":"page-template-blank.php","meta":{"_et_pb_use_builder":"on","_et_pb_old_content":"","_et_gb_content_width":"","footnotes":""},"class_list":["post-115","page","type-page","status-publish","hentry"],"yoast_head":"<!-- This site is optimized with the Yoast SEO plugin v24.7 - https:\/\/yoast.com\/wordpress\/plugins\/seo\/ -->\n<title>D\u011btsk\u00e1 atrakce do parku | Kuli\u010dkodr\u00e1hy<\/title>\n<meta name=\"description\" content=\"Pap\u00edrov\u00ed draci a brambory pe\u010den\u00e9 v ohni. Nechte nainstalovat d\u011btskou atrakci do parku a u\u017eijte si odpoledne ze star\u00fdch \u010das\u016f. Kulickodrahy.com\" \/>\n<meta name=\"robots\" content=\"index, follow, max-snippet:-1, max-image-preview:large, max-video-preview:-1\" \/>\n<link rel=\"canonical\" href=\"https:\/\/www.kulickodrahy.com\/index.php\/detska-atrakce-do-parku\/\" \/>\n<meta property=\"og:locale\" content=\"cs_CZ\" \/>\n<meta property=\"og:type\" content=\"article\" \/>\n<meta property=\"og:title\" content=\"D\u011btsk\u00e1 atrakce do parku | Kuli\u010dkodr\u00e1hy\" \/>\n<meta property=\"og:description\" content=\"Pap\u00edrov\u00ed draci a brambory pe\u010den\u00e9 v ohni. Nechte nainstalovat d\u011btskou atrakci do parku a u\u017eijte si odpoledne ze star\u00fdch \u010das\u016f. Kulickodrahy.com\" \/>\n<meta property=\"og:url\" content=\"https:\/\/www.kulickodrahy.com\/index.php\/detska-atrakce-do-parku\/\" \/>\n<meta property=\"og:site_name\" content=\"kulickodrahy.com\" \/>\n<meta property=\"article:modified_time\" content=\"2026-02-25T10:26:15+00:00\" \/>\n<meta name=\"twitter:card\" content=\"summary_large_image\" \/>\n<meta name=\"twitter:label1\" content=\"Odhadovan\u00e1 doba \u010dten\u00ed\" \/>\n\t<meta name=\"twitter:data1\" content=\"2 minuty\" \/>\n<script type=\"application\/ld+json\" class=\"yoast-schema-graph\">{\"@context\":\"https:\/\/schema.org\",\"@graph\":[{\"@type\":\"WebPage\",\"@id\":\"https:\/\/www.kulickodrahy.com\/index.php\/detska-atrakce-do-parku\/\",\"url\":\"https:\/\/www.kulickodrahy.com\/index.php\/detska-atrakce-do-parku\/\",\"name\":\"D\u011btsk\u00e1 atrakce do parku | Kuli\u010dkodr\u00e1hy\",\"isPartOf\":{\"@id\":\"https:\/\/www.kulickodrahy.com\/#website\"},\"datePublished\":\"2025-03-25T07:17:31+00:00\",\"dateModified\":\"2026-02-25T10:26:15+00:00\",\"description\":\"Pap\u00edrov\u00ed draci a brambory pe\u010den\u00e9 v ohni. Nechte nainstalovat d\u011btskou atrakci do parku a u\u017eijte si odpoledne ze star\u00fdch \u010das\u016f. Kulickodrahy.com\",\"breadcrumb\":{\"@id\":\"https:\/\/www.kulickodrahy.com\/index.php\/detska-atrakce-do-parku\/#breadcrumb\"},\"inLanguage\":\"cs\",\"potentialAction\":[{\"@type\":\"ReadAction\",\"target\":[\"https:\/\/www.kulickodrahy.com\/index.php\/detska-atrakce-do-parku\/\"]}]},{\"@type\":\"BreadcrumbList\",\"@id\":\"https:\/\/www.kulickodrahy.com\/index.php\/detska-atrakce-do-parku\/#breadcrumb\",\"itemListElement\":[{\"@type\":\"ListItem\",\"position\":1,\"name\":\"Dom\u016f\",\"item\":\"https:\/\/www.kulickodrahy.com\/\"},{\"@type\":\"ListItem\",\"position\":2,\"name\":\"D\u011btsk\u00e1 atrakce do parku\"}]},{\"@type\":\"WebSite\",\"@id\":\"https:\/\/www.kulickodrahy.com\/#website\",\"url\":\"https:\/\/www.kulickodrahy.com\/\",\"name\":\"kulickodrahy.com\",\"description\":\"velk\u00e9 venkovn\u00ed kuli\u010dkodr\u00e1hy\",\"potentialAction\":[{\"@type\":\"SearchAction\",\"target\":{\"@type\":\"EntryPoint\",\"urlTemplate\":\"https:\/\/www.kulickodrahy.com\/?s={search_term_string}\"},\"query-input\":{\"@type\":\"PropertyValueSpecification\",\"valueRequired\":true,\"valueName\":\"search_term_string\"}}],\"inLanguage\":\"cs\"}]}<\/script>\n<!-- \/ Yoast SEO plugin. -->","yoast_head_json":{"title":"D\u011btsk\u00e1 atrakce do parku | Kuli\u010dkodr\u00e1hy","description":"Pap\u00edrov\u00ed draci a brambory pe\u010den\u00e9 v ohni. Nechte nainstalovat d\u011btskou atrakci do parku a u\u017eijte si odpoledne ze star\u00fdch \u010das\u016f. Kulickodrahy.com","robots":{"index":"index","follow":"follow","max-snippet":"max-snippet:-1","max-image-preview":"max-image-preview:large","max-video-preview":"max-video-preview:-1"},"canonical":"https:\/\/www.kulickodrahy.com\/index.php\/detska-atrakce-do-parku\/","og_locale":"cs_CZ","og_type":"article","og_title":"D\u011btsk\u00e1 atrakce do parku | Kuli\u010dkodr\u00e1hy","og_description":"Pap\u00edrov\u00ed draci a brambory pe\u010den\u00e9 v ohni. Nechte nainstalovat d\u011btskou atrakci do parku a u\u017eijte si odpoledne ze star\u00fdch \u010das\u016f. Kulickodrahy.com","og_url":"https:\/\/www.kulickodrahy.com\/index.php\/detska-atrakce-do-parku\/","og_site_name":"kulickodrahy.com","article_modified_time":"2026-02-25T10:26:15+00:00","twitter_card":"summary_large_image","twitter_misc":{"Odhadovan\u00e1 doba \u010dten\u00ed":"2 minuty"},"schema":{"@context":"https:\/\/schema.org","@graph":[{"@type":"WebPage","@id":"https:\/\/www.kulickodrahy.com\/index.php\/detska-atrakce-do-parku\/","url":"https:\/\/www.kulickodrahy.com\/index.php\/detska-atrakce-do-parku\/","name":"D\u011btsk\u00e1 atrakce do parku | Kuli\u010dkodr\u00e1hy","isPartOf":{"@id":"https:\/\/www.kulickodrahy.com\/#website"},"datePublished":"2025-03-25T07:17:31+00:00","dateModified":"2026-02-25T10:26:15+00:00","description":"Pap\u00edrov\u00ed draci a brambory pe\u010den\u00e9 v ohni. Nechte nainstalovat d\u011btskou atrakci do parku a u\u017eijte si odpoledne ze star\u00fdch \u010das\u016f. Kulickodrahy.com","breadcrumb":{"@id":"https:\/\/www.kulickodrahy.com\/index.php\/detska-atrakce-do-parku\/#breadcrumb"},"inLanguage":"cs","potentialAction":[{"@type":"ReadAction","target":["https:\/\/www.kulickodrahy.com\/index.php\/detska-atrakce-do-parku\/"]}]},{"@type":"BreadcrumbList","@id":"https:\/\/www.kulickodrahy.com\/index.php\/detska-atrakce-do-parku\/#breadcrumb","itemListElement":[{"@type":"ListItem","position":1,"name":"Dom\u016f","item":"https:\/\/www.kulickodrahy.com\/"},{"@type":"ListItem","position":2,"name":"D\u011btsk\u00e1 atrakce do parku"}]},{"@type":"WebSite","@id":"https:\/\/www.kulickodrahy.com\/#website","url":"https:\/\/www.kulickodrahy.com\/","name":"kulickodrahy.com","description":"velk\u00e9 venkovn\u00ed kuli\u010dkodr\u00e1hy","potentialAction":[{"@type":"SearchAction","target":{"@type":"EntryPoint","urlTemplate":"https:\/\/www.kulickodrahy.com\/?s={search_term_string}"},"query-input":{"@type":"PropertyValueSpecification","valueRequired":true,"valueName":"search_term_string"}}],"inLanguage":"cs"}]}},"_links":{"self":[{"href":"https:\/\/www.kulickodrahy.com\/index.php\/wp-json\/wp\/v2\/pages\/115","targetHints":{"allow":["GET"]}}],"collection":[{"href":"https:\/\/www.kulickodrahy.com\/index.php\/wp-json\/wp\/v2\/pages"}],"about":[{"href":"https:\/\/www.kulickodrahy.com\/index.php\/wp-json\/wp\/v2\/types\/page"}],"author":[{"embeddable":true,"href":"https:\/\/www.kulickodrahy.com\/index.php\/wp-json\/wp\/v2\/users\/2"}],"replies":[{"embeddable":true,"href":"https:\/\/www.kulickodrahy.com\/index.php\/wp-json\/wp\/v2\/comments?post=115"}],"version-history":[{"count":15,"href":"https:\/\/www.kulickodrahy.com\/index.php\/wp-json\/wp\/v2\/pages\/115\/revisions"}],"predecessor-version":[{"id":468,"href":"https:\/\/www.kulickodrahy.com\/index.php\/wp-json\/wp\/v2\/pages\/115\/revisions\/468"}],"wp:attachment":[{"href":"https:\/\/www.kulickodrahy.com\/index.php\/wp-json\/wp\/v2\/media?parent=115"}],"curies":[{"name":"wp","href":"https:\/\/api.w.org\/{rel}","templated":true}]}}