{"id":109,"date":"2025-03-25T07:13:41","date_gmt":"2025-03-25T07:13:41","guid":{"rendered":"https:\/\/www.kulickodrahy.com\/?page_id=109"},"modified":"2026-02-25T10:28:05","modified_gmt":"2026-02-25T10:28:05","slug":"interaktivni-drevene-hry-pro-deti","status":"publish","type":"page","link":"https:\/\/www.kulickodrahy.com\/index.php\/interaktivni-drevene-hry-pro-deti\/","title":{"rendered":"Interaktivn\u00ed d\u0159ev\u011bn\u00e9 hry pro d\u011bti"},"content":{"rendered":"<p>[et_pb_section fb_built=&#8220;1&#8243; _builder_version=&#8220;4.27.4&#8243; _module_preset=&#8220;default&#8220; background_enable_color=&#8220;off&#8220; background_image=&#8220;http:\/\/www.kulickodrahy.com\/wp-content\/uploads\/2025\/05\/drevo-struktura-cb-sv.jpg&#8220; parallax=&#8220;on&#8220; min_height=&#8220;243.6px&#8220; custom_padding=&#8220;4px||34px||false|false&#8220; global_colors_info=&#8220;{}&#8220;][et_pb_row column_structure=&#8220;1_4,3_4&#8243; _builder_version=&#8220;4.27.4&#8243; _module_preset=&#8220;default&#8220; width=&#8220;100%&#8220; max_width=&#8220;1250px&#8220; module_alignment=&#8220;left&#8220; custom_padding=&#8220;||10px|||&#8220; global_colors_info=&#8220;{}&#8220;][et_pb_column type=&#8220;1_4&#8243; _builder_version=&#8220;4.27.4&#8243; _module_preset=&#8220;default&#8220; global_colors_info=&#8220;{}&#8220;][et_pb_image src=&#8220;http:\/\/www.kulickodrahy.com\/wp-content\/uploads\/2025\/05\/favicon-kulickodrahy.png&#8220; title_text=&#8220;favicon kulickodrahy&#8220; url=&#8220;https:\/\/www.kulickodrahy.com\/&#8220; align=&#8220;center&#8220; _builder_version=&#8220;4.27.4&#8243; _module_preset=&#8220;default&#8220; width=&#8220;60%&#8220; module_alignment=&#8220;center&#8220; max_height_tablet=&#8220;106px&#8220; max_height_phone=&#8220;100px&#8220; max_height_last_edited=&#8220;on|phone&#8220; animation_style=&#8220;roll&#8220; animation_duration=&#8220;1600ms&#8220; animation_intensity_roll=&#8220;100%&#8220; animation_starting_opacity=&#8220;100%&#8220; animation_speed_curve=&#8220;linear&#8220; animation_repeat=&#8220;loop&#8220; global_colors_info=&#8220;{}&#8220;][\/et_pb_image][\/et_pb_column][et_pb_column type=&#8220;3_4&#8243; _builder_version=&#8220;4.27.4&#8243; _module_preset=&#8220;default&#8220; global_colors_info=&#8220;{}&#8220;][et_pb_text _builder_version=&#8220;4.27.4&#8243; _module_preset=&#8220;default&#8220; text_text_color=&#8220;#000000&#8243; header_font=&#8220;Big Shoulders Inline Text|800|||||||&#8220; header_text_align=&#8220;left&#8220; header_text_color=&#8220;#774500&#8243; header_font_size=&#8220;5em&#8220; custom_margin=&#8220;23px||0px||false|false&#8220; custom_margin_tablet=&#8220;&#8220; custom_margin_phone=&#8220;3px||0px||false|false&#8220; custom_margin_last_edited=&#8220;on|phone&#8220; custom_padding=&#8220;14px|||5px|false|false&#8220; header_text_align_tablet=&#8220;&#8220; header_text_align_phone=&#8220;center&#8220; header_text_align_last_edited=&#8220;on|phone&#8220; header_font_size_tablet=&#8220;&#8220; header_font_size_phone=&#8220;3em&#8220; header_font_size_last_edited=&#8220;on|phone&#8220; text_orientation_tablet=&#8220;&#8220; text_orientation_phone=&#8220;center&#8220; text_orientation_last_edited=&#8220;on|phone&#8220; global_colors_info=&#8220;{}&#8220;]<\/p>\n<h1>Interaktivn\u00ed d\u0159ev\u011bn\u00e9 hry pro d\u011bti<\/h1>\n<p>[\/et_pb_text][\/et_pb_column][\/et_pb_row][\/et_pb_section][et_pb_section fb_built=&#8220;1&#8243; _builder_version=&#8220;4.27.4&#8243; _module_preset=&#8220;default&#8220; custom_padding=&#8220;5px||||false|false&#8220; global_colors_info=&#8220;{}&#8220;][et_pb_row column_structure=&#8220;1_4,3_4&#8243; _builder_version=&#8220;4.27.4&#8243; _module_preset=&#8220;default&#8220; global_colors_info=&#8220;{}&#8220;][et_pb_column type=&#8220;1_4&#8243; _builder_version=&#8220;4.27.4&#8243; _module_preset=&#8220;default&#8220; global_colors_info=&#8220;{}&#8220;][et_pb_image src=&#8220;http:\/\/www.kulickodrahy.com\/wp-content\/uploads\/2025\/05\/Prichovice_U-capa_zavodni_P_20211024_162201_vHDR_Auto.jpg&#8220; title_text=&#8220;P\u0159\u00edchovice_U \u010d\u00e1pa_z\u00e1vodn\u00ed_P_20211024_162201_vHDR_Auto&#8220; _builder_version=&#8220;4.27.4&#8243; _module_preset=&#8220;default&#8220; global_colors_info=&#8220;{}&#8220;][\/et_pb_image][\/et_pb_column][et_pb_column type=&#8220;3_4&#8243; _builder_version=&#8220;4.27.4&#8243; _module_preset=&#8220;default&#8220; global_colors_info=&#8220;{}&#8220;][et_pb_text _builder_version=&#8220;4.27.4&#8243; _module_preset=&#8220;default&#8220; text_text_color=&#8220;#774500&#8243; text_font_size=&#8220;16px&#8220; header_2_font=&#8220;|800|||||||&#8220; header_2_text_color=&#8220;#774500&#8243; header_2_line_height=&#8220;1.3em&#8220; min_height=&#8220;362.6px&#8220; global_colors_info=&#8220;{}&#8220;]<\/p>\n<p>Interaktivn\u00ed d\u0159ev\u011bn\u00e9 hry pro d\u011bti p\u0159in\u00e1\u0161ej\u00ed z\u00e1bavu, kter\u00e1 podporuje kreativitu a rozvoj dovednost\u00ed. P\u0159\u00edrodn\u00ed materi\u00e1l a promy\u0161len\u00fd design zaru\u010duje, \u017ee si d\u011bti hraj\u00ed nejen s radost\u00ed, ale i smyslupln\u011b. Hry nav\u00edc rozv\u00edjej\u00ed jejich p\u0159edstavivost, motoriku a trp\u011blivost.<\/p>\n<h2>D\u0159ev\u011bn\u00e9 hern\u00ed prvky<\/h2>\n<p>Interaktivn\u00ed d\u0159ev\u011bn\u00e9 hry pro d\u011bti vn\u00e1\u0161ej\u00ed do prostoru p\u0159\u00edrodn\u00ed kr\u00e1su a odolnost, kter\u00e1 zaujme mal\u00e9 i velk\u00e9 hr\u00e1\u010de. Jejich historie sah\u00e1 hluboko do minulosti, kdy se d\u0159evo stalo z\u00e1kladem prvn\u00edch hern\u00edch konstrukc\u00ed.<\/p>\n<ul>\n<li><strong>Starov\u011bk<\/strong> \u2013 d\u0159ev\u011bn\u00e9 hern\u00ed prvky pom\u00e1haly d\u011btem rozv\u00edjet zru\u010dnost a fantazii.<\/li>\n<li><strong>St\u0159edov\u011bk<\/strong> \u2013 na jarmarc\u00edch se objevily prvn\u00ed houpa\u010dky a koloto\u010de ze d\u0159eva.<\/li>\n<li><strong>19. stolet\u00ed<\/strong> \u2013 ve\u0159ejn\u00e9 parky za\u010daly nab\u00edzet d\u0159ev\u011bn\u00e9 prol\u00e9za\u010dky a skluzavky.<\/li>\n<li><strong>Po\u010d\u00e1tek 20. stolet\u00ed<\/strong> \u2013 \u0161koly za\u010daly vyu\u017e\u00edvat prvn\u00ed venkovn\u00ed hern\u00ed prvky.<\/li>\n<li><strong>60. l\u00e9ta<\/strong> \u2013 d\u0159evo se za\u010dalo kombinovat s kovem pro v\u011bt\u0161\u00ed stabilitu.<\/li>\n<li><strong>Sou\u010dasnost<\/strong> \u2013 d\u0159ev\u011bn\u00e9 hern\u00ed prvky jsou obl\u00edben\u00e9 pro svou \u0161etrnost k p\u0159\u00edrod\u011b.<\/li>\n<\/ul>\n<p>[\/et_pb_text][\/et_pb_column][\/et_pb_row][et_pb_row column_structure=&#8220;2_3,1_3&#8243; _builder_version=&#8220;4.27.4&#8243; _module_preset=&#8220;default&#8220; global_colors_info=&#8220;{}&#8220;][et_pb_column type=&#8220;2_3&#8243; _builder_version=&#8220;4.27.4&#8243; _module_preset=&#8220;default&#8220; global_colors_info=&#8220;{}&#8220;][et_pb_text _builder_version=&#8220;4.27.4&#8243; _module_preset=&#8220;default&#8220; text_text_color=&#8220;#774500&#8243; header_2_font=&#8220;|800|||||||&#8220; header_2_text_color=&#8220;#774500&#8243; header_2_line_height=&#8220;1.3em&#8220; global_colors_info=&#8220;{}&#8220;]<\/p>\n<h2>N\u00e1vrh od v\u00fdtvarn\u00edka s \u0159emeslem v srdci<\/h2>\n<p>Zaujaly v\u00e1s moje interaktivn\u00ed d\u0159ev\u011bn\u00e9 hry pro d\u011bti? Poj\u010fme se potkat. Stavte se za mnou do ateli\u00e9ru. Uk\u00e1\u017eu v\u00e1m, na \u010dem zrovna d\u011bl\u00e1m, osah\u00e1te si m\u00e9 v\u00fdrobky ze d\u0159eva a ud\u011bl\u00e1te si konkr\u00e9tn\u011bj\u0161\u00ed p\u0159edstavu o tom, co mi vznik\u00e1 pod rukama.<\/p>\n<p>Probereme, jak\u00e9 d\u0159ev\u011bn\u00e9 hern\u00ed prvky pro v\u00e1s m\u016f\u017eu vyrobit, z jak\u00e9ho d\u0159eva a co obn\u00e1\u0161\u00ed jeho povrchov\u00e1 \u00faprava a zda je n\u00e1ro\u010dn\u00e9 na \u00fadr\u017ebu. Z\u00e1rove\u0148 v\u00e1m m\u016f\u017eu d\u00e1t seznam dosud realizovan\u00fdch zak\u00e1zek ve ve\u0159ejn\u00e9m prostoru, kde se m\u016f\u017eete pod\u00edvat na m\u00e9 kuli\u010dkodr\u00e1hy a dal\u0161\u00ed hern\u00ed prvky v akci.<\/p>\n<p>[\/et_pb_text][\/et_pb_column][et_pb_column type=&#8220;1_3&#8243; _builder_version=&#8220;4.27.4&#8243; _module_preset=&#8220;default&#8220; global_colors_info=&#8220;{}&#8220;][et_pb_image src=&#8220;http:\/\/www.kulickodrahy.com\/wp-content\/uploads\/2025\/05\/P_20210601_170903_vHDR_On.jpg&#8220; title_text=&#8220;P_20210601_170903_vHDR_On&#8220; _builder_version=&#8220;4.27.4&#8243; _module_preset=&#8220;default&#8220; global_colors_info=&#8220;{}&#8220;][\/et_pb_image][\/et_pb_column][\/et_pb_row][\/et_pb_section][et_pb_section fb_built=&#8220;1&#8243; _builder_version=&#8220;4.27.4&#8243; _module_preset=&#8220;default&#8220; background_color=&#8220;#ffffff&#8220; background_image=&#8220;http:\/\/www.kulickodrahy.com\/wp-content\/uploads\/2025\/05\/drevo-struktura-soft.jpg&#8220; parallax=&#8220;on&#8220; background_enable_video_mp4=&#8220;off&#8220; min_height=&#8220;353px&#8220; custom_padding=&#8220;2px|||||&#8220; global_colors_info=&#8220;{}&#8220;][et_pb_row column_structure=&#8220;1_2,1_2&#8243; _builder_version=&#8220;4.27.4&#8243; _module_preset=&#8220;default&#8220; max_width=&#8220;1085px&#8220; module_alignment=&#8220;center&#8220; global_colors_info=&#8220;{}&#8220;][et_pb_column type=&#8220;1_2&#8243; _builder_version=&#8220;4.27.4&#8243; _module_preset=&#8220;default&#8220; global_colors_info=&#8220;{}&#8220;][et_pb_text _builder_version=&#8220;4.27.4&#8243; _module_preset=&#8220;default&#8220; text_text_color=&#8220;#000000&#8243; text_font_size=&#8220;21px&#8220; link_font=&#8220;||||on||||&#8220; link_text_color=&#8220;#255268&#8243; link_font_size=&#8220;20px&#8220; link_line_height=&#8220;1.4em&#8220; ul_text_color=&#8220;#255268&#8243; header_2_font=&#8220;||||||||&#8220; header_2_text_color=&#8220;#255268&#8243; header_2_font_size=&#8220;32px&#8220; header_2_line_height=&#8220;1.3em&#8220; global_colors_info=&#8220;{}&#8220;]<\/p>\n<h2>Na\u0161e slu\u017eby<\/h2>\n<ul>\n<li><a href=\"https:\/\/www.kulickodrahy.com\/index.php\/venkovni-drevena-kulickodraha\/\"><span style=\"font-weight: 400;\">V<\/span><span style=\"font-weight: 400;\">enkovn\u00ed d\u0159ev\u011bn\u00e1 kuli\u010dkodr\u00e1ha<\/span><\/a><\/li>\n<li><a href=\"https:\/\/www.kulickodrahy.com\/index.php\/drevena-kulickodraha-pro-verejne-prostory\/\"><span style=\"font-weight: 400;\">D\u0159ev\u011bn\u00e1 kuli\u010dkodr\u00e1ha pro ve\u0159ejn\u00e9 prostory<\/span><\/a><\/li>\n<li><a href=\"https:\/\/www.kulickodrahy.com\/index.php\/kulickodraha-do-hotelu-a-na-detske-hriste\/\"><span style=\"font-weight: 400;\">Kuli\u010dkodr\u00e1ha do hotelu<\/span><span style=\"font-weight: 400;\"> a na d\u011btsk\u00e9 h\u0159i\u0161t\u011b<\/span><\/a><span style=\"font-weight: 400;\"><\/span><\/li>\n<li><a href=\"https:\/\/www.kulickodrahy.com\/index.php\/interaktivni-drevene-hry-pro-deti\/\"><span style=\"font-weight: 400;\">Interaktivn\u00ed d\u0159ev\u011bn\u00e9 hry pro d\u011bti<\/span><\/a><\/li>\n<li><a href=\"https:\/\/www.kulickodrahy.com\/index.php\/detska-atrakce-do-parku\/\"><span style=\"font-weight: 400;\">D\u011btsk\u00e1 atrakce do parku<\/span><\/a><\/li>\n<li><a href=\"https:\/\/www.kulickodrahy.com\/index.php\/originalni-dreveny-mobiliar\/\"><span style=\"font-weight: 400;\">Origin\u00e1ln\u00ed d\u0159ev\u011bn\u00fd mobili\u00e1\u0159<\/span><\/a><\/li>\n<li><a href=\"https:\/\/www.kulickodrahy.com\/index.php\/co-je-to-participativni-rozpocet\/\"><span style=\"font-weight: 400;\">Co je to participativn\u00ed rozpo\u010det?<\/span><\/a><\/li>\n<\/ul>\n<p>[\/et_pb_text][\/et_pb_column][et_pb_column type=&#8220;1_2&#8243; _builder_version=&#8220;4.27.4&#8243; _module_preset=&#8220;default&#8220; global_colors_info=&#8220;{}&#8220;][et_pb_text _builder_version=&#8220;4.27.4&#8243; _module_preset=&#8220;default&#8220; text_text_color=&#8220;#255268&#8243; text_font_size=&#8220;20px&#8220; text_line_height=&#8220;1.8em&#8220; link_text_color=&#8220;#0cfaff&#8220; link_font_size=&#8220;21px&#8220; header_2_font=&#8220;||||||||&#8220; header_2_text_color=&#8220;#255268&#8243; header_2_font_size=&#8220;32px&#8220; header_2_line_height=&#8220;1.3em&#8220; header_3_text_color=&#8220;#FFFFFF&#8220; header_3_font_size=&#8220;28px&#8220; text_orientation=&#8220;center&#8220; min_height=&#8220;247px&#8220; custom_padding=&#8220;0px|10px||10px|false|false&#8220; global_colors_info=&#8220;{}&#8220;]<\/p>\n<h2>Kontakt:<\/h2>\n<p>Ond\u0159ej Ma\u0161ek<br \/>dramasek@seznam.cz<br \/>Tel.: 604 342 098<\/p>\n<p>[\/et_pb_text][\/et_pb_column][\/et_pb_row][\/et_pb_section]<\/p>\n","protected":false},"excerpt":{"rendered":"<p>Interaktivn\u00ed d\u0159ev\u011bn\u00e9 hry pro d\u011btiInteraktivn\u00ed d\u0159ev\u011bn\u00e9 hry pro d\u011bti p\u0159in\u00e1\u0161ej\u00ed z\u00e1bavu, kter\u00e1 podporuje kreativitu a rozvoj dovednost\u00ed. P\u0159\u00edrodn\u00ed materi\u00e1l a promy\u0161len\u00fd design zaru\u010duje, \u017ee si d\u011bti hraj\u00ed nejen s radost\u00ed, ale i smyslupln\u011b. Hry nav\u00edc rozv\u00edjej\u00ed jejich p\u0159edstavivost, motoriku a trp\u011blivost. D\u0159ev\u011bn\u00e9 hern\u00ed prvky Interaktivn\u00ed d\u0159ev\u011bn\u00e9 hry pro d\u011bti vn\u00e1\u0161ej\u00ed do prostoru p\u0159\u00edrodn\u00ed kr\u00e1su a [&hellip;]<\/p>\n","protected":false},"author":2,"featured_media":0,"parent":0,"menu_order":0,"comment_status":"closed","ping_status":"closed","template":"page-template-blank.php","meta":{"_et_pb_use_builder":"on","_et_pb_old_content":"","_et_gb_content_width":"","footnotes":""},"class_list":["post-109","page","type-page","status-publish","hentry"],"yoast_head":"<!-- This site is optimized with the Yoast SEO plugin v24.7 - https:\/\/yoast.com\/wordpress\/plugins\/seo\/ -->\n<title>Interaktivn\u00ed d\u0159ev\u011bn\u00e9 hry pro d\u011bti | Kuli\u010dkodr\u00e1hy<\/title>\n<meta name=\"description\" content=\"Kuli\u010dkodr\u00e1ha, n\u00e1vrat do d\u011btstv\u00ed. D\u0159ev\u011bn\u00e9 hern\u00ed prvky milovaly generace na\u0161ich rodi\u010d\u016f a prarodi\u010d\u016f. Dop\u0159ejte je sob\u011b i sv\u00fdm d\u011btem. Kulickodrahy.com\" \/>\n<meta name=\"robots\" content=\"index, follow, max-snippet:-1, max-image-preview:large, max-video-preview:-1\" \/>\n<link rel=\"canonical\" href=\"https:\/\/www.kulickodrahy.com\/index.php\/interaktivni-drevene-hry-pro-deti\/\" \/>\n<meta property=\"og:locale\" content=\"cs_CZ\" \/>\n<meta property=\"og:type\" content=\"article\" \/>\n<meta property=\"og:title\" content=\"Interaktivn\u00ed d\u0159ev\u011bn\u00e9 hry pro d\u011bti | Kuli\u010dkodr\u00e1hy\" \/>\n<meta property=\"og:description\" content=\"Kuli\u010dkodr\u00e1ha, n\u00e1vrat do d\u011btstv\u00ed. D\u0159ev\u011bn\u00e9 hern\u00ed prvky milovaly generace na\u0161ich rodi\u010d\u016f a prarodi\u010d\u016f. Dop\u0159ejte je sob\u011b i sv\u00fdm d\u011btem. Kulickodrahy.com\" \/>\n<meta property=\"og:url\" content=\"https:\/\/www.kulickodrahy.com\/index.php\/interaktivni-drevene-hry-pro-deti\/\" \/>\n<meta property=\"og:site_name\" content=\"kulickodrahy.com\" \/>\n<meta property=\"article:modified_time\" content=\"2026-02-25T10:28:05+00:00\" \/>\n<meta name=\"twitter:card\" content=\"summary_large_image\" \/>\n<meta name=\"twitter:label1\" content=\"Odhadovan\u00e1 doba \u010dten\u00ed\" \/>\n\t<meta name=\"twitter:data1\" content=\"2 minuty\" \/>\n<script type=\"application\/ld+json\" class=\"yoast-schema-graph\">{\"@context\":\"https:\/\/schema.org\",\"@graph\":[{\"@type\":\"WebPage\",\"@id\":\"https:\/\/www.kulickodrahy.com\/index.php\/interaktivni-drevene-hry-pro-deti\/\",\"url\":\"https:\/\/www.kulickodrahy.com\/index.php\/interaktivni-drevene-hry-pro-deti\/\",\"name\":\"Interaktivn\u00ed d\u0159ev\u011bn\u00e9 hry pro d\u011bti | Kuli\u010dkodr\u00e1hy\",\"isPartOf\":{\"@id\":\"https:\/\/www.kulickodrahy.com\/#website\"},\"datePublished\":\"2025-03-25T07:13:41+00:00\",\"dateModified\":\"2026-02-25T10:28:05+00:00\",\"description\":\"Kuli\u010dkodr\u00e1ha, n\u00e1vrat do d\u011btstv\u00ed. D\u0159ev\u011bn\u00e9 hern\u00ed prvky milovaly generace na\u0161ich rodi\u010d\u016f a prarodi\u010d\u016f. Dop\u0159ejte je sob\u011b i sv\u00fdm d\u011btem. Kulickodrahy.com\",\"breadcrumb\":{\"@id\":\"https:\/\/www.kulickodrahy.com\/index.php\/interaktivni-drevene-hry-pro-deti\/#breadcrumb\"},\"inLanguage\":\"cs\",\"potentialAction\":[{\"@type\":\"ReadAction\",\"target\":[\"https:\/\/www.kulickodrahy.com\/index.php\/interaktivni-drevene-hry-pro-deti\/\"]}]},{\"@type\":\"BreadcrumbList\",\"@id\":\"https:\/\/www.kulickodrahy.com\/index.php\/interaktivni-drevene-hry-pro-deti\/#breadcrumb\",\"itemListElement\":[{\"@type\":\"ListItem\",\"position\":1,\"name\":\"Dom\u016f\",\"item\":\"https:\/\/www.kulickodrahy.com\/\"},{\"@type\":\"ListItem\",\"position\":2,\"name\":\"Interaktivn\u00ed d\u0159ev\u011bn\u00e9 hry pro d\u011bti\"}]},{\"@type\":\"WebSite\",\"@id\":\"https:\/\/www.kulickodrahy.com\/#website\",\"url\":\"https:\/\/www.kulickodrahy.com\/\",\"name\":\"kulickodrahy.com\",\"description\":\"velk\u00e9 venkovn\u00ed kuli\u010dkodr\u00e1hy\",\"potentialAction\":[{\"@type\":\"SearchAction\",\"target\":{\"@type\":\"EntryPoint\",\"urlTemplate\":\"https:\/\/www.kulickodrahy.com\/?s={search_term_string}\"},\"query-input\":{\"@type\":\"PropertyValueSpecification\",\"valueRequired\":true,\"valueName\":\"search_term_string\"}}],\"inLanguage\":\"cs\"}]}<\/script>\n<!-- \/ Yoast SEO plugin. -->","yoast_head_json":{"title":"Interaktivn\u00ed d\u0159ev\u011bn\u00e9 hry pro d\u011bti | Kuli\u010dkodr\u00e1hy","description":"Kuli\u010dkodr\u00e1ha, n\u00e1vrat do d\u011btstv\u00ed. D\u0159ev\u011bn\u00e9 hern\u00ed prvky milovaly generace na\u0161ich rodi\u010d\u016f a prarodi\u010d\u016f. Dop\u0159ejte je sob\u011b i sv\u00fdm d\u011btem. Kulickodrahy.com","robots":{"index":"index","follow":"follow","max-snippet":"max-snippet:-1","max-image-preview":"max-image-preview:large","max-video-preview":"max-video-preview:-1"},"canonical":"https:\/\/www.kulickodrahy.com\/index.php\/interaktivni-drevene-hry-pro-deti\/","og_locale":"cs_CZ","og_type":"article","og_title":"Interaktivn\u00ed d\u0159ev\u011bn\u00e9 hry pro d\u011bti | Kuli\u010dkodr\u00e1hy","og_description":"Kuli\u010dkodr\u00e1ha, n\u00e1vrat do d\u011btstv\u00ed. D\u0159ev\u011bn\u00e9 hern\u00ed prvky milovaly generace na\u0161ich rodi\u010d\u016f a prarodi\u010d\u016f. Dop\u0159ejte je sob\u011b i sv\u00fdm d\u011btem. Kulickodrahy.com","og_url":"https:\/\/www.kulickodrahy.com\/index.php\/interaktivni-drevene-hry-pro-deti\/","og_site_name":"kulickodrahy.com","article_modified_time":"2026-02-25T10:28:05+00:00","twitter_card":"summary_large_image","twitter_misc":{"Odhadovan\u00e1 doba \u010dten\u00ed":"2 minuty"},"schema":{"@context":"https:\/\/schema.org","@graph":[{"@type":"WebPage","@id":"https:\/\/www.kulickodrahy.com\/index.php\/interaktivni-drevene-hry-pro-deti\/","url":"https:\/\/www.kulickodrahy.com\/index.php\/interaktivni-drevene-hry-pro-deti\/","name":"Interaktivn\u00ed d\u0159ev\u011bn\u00e9 hry pro d\u011bti | Kuli\u010dkodr\u00e1hy","isPartOf":{"@id":"https:\/\/www.kulickodrahy.com\/#website"},"datePublished":"2025-03-25T07:13:41+00:00","dateModified":"2026-02-25T10:28:05+00:00","description":"Kuli\u010dkodr\u00e1ha, n\u00e1vrat do d\u011btstv\u00ed. D\u0159ev\u011bn\u00e9 hern\u00ed prvky milovaly generace na\u0161ich rodi\u010d\u016f a prarodi\u010d\u016f. Dop\u0159ejte je sob\u011b i sv\u00fdm d\u011btem. Kulickodrahy.com","breadcrumb":{"@id":"https:\/\/www.kulickodrahy.com\/index.php\/interaktivni-drevene-hry-pro-deti\/#breadcrumb"},"inLanguage":"cs","potentialAction":[{"@type":"ReadAction","target":["https:\/\/www.kulickodrahy.com\/index.php\/interaktivni-drevene-hry-pro-deti\/"]}]},{"@type":"BreadcrumbList","@id":"https:\/\/www.kulickodrahy.com\/index.php\/interaktivni-drevene-hry-pro-deti\/#breadcrumb","itemListElement":[{"@type":"ListItem","position":1,"name":"Dom\u016f","item":"https:\/\/www.kulickodrahy.com\/"},{"@type":"ListItem","position":2,"name":"Interaktivn\u00ed d\u0159ev\u011bn\u00e9 hry pro d\u011bti"}]},{"@type":"WebSite","@id":"https:\/\/www.kulickodrahy.com\/#website","url":"https:\/\/www.kulickodrahy.com\/","name":"kulickodrahy.com","description":"velk\u00e9 venkovn\u00ed kuli\u010dkodr\u00e1hy","potentialAction":[{"@type":"SearchAction","target":{"@type":"EntryPoint","urlTemplate":"https:\/\/www.kulickodrahy.com\/?s={search_term_string}"},"query-input":{"@type":"PropertyValueSpecification","valueRequired":true,"valueName":"search_term_string"}}],"inLanguage":"cs"}]}},"_links":{"self":[{"href":"https:\/\/www.kulickodrahy.com\/index.php\/wp-json\/wp\/v2\/pages\/109","targetHints":{"allow":["GET"]}}],"collection":[{"href":"https:\/\/www.kulickodrahy.com\/index.php\/wp-json\/wp\/v2\/pages"}],"about":[{"href":"https:\/\/www.kulickodrahy.com\/index.php\/wp-json\/wp\/v2\/types\/page"}],"author":[{"embeddable":true,"href":"https:\/\/www.kulickodrahy.com\/index.php\/wp-json\/wp\/v2\/users\/2"}],"replies":[{"embeddable":true,"href":"https:\/\/www.kulickodrahy.com\/index.php\/wp-json\/wp\/v2\/comments?post=109"}],"version-history":[{"count":9,"href":"https:\/\/www.kulickodrahy.com\/index.php\/wp-json\/wp\/v2\/pages\/109\/revisions"}],"predecessor-version":[{"id":471,"href":"https:\/\/www.kulickodrahy.com\/index.php\/wp-json\/wp\/v2\/pages\/109\/revisions\/471"}],"wp:attachment":[{"href":"https:\/\/www.kulickodrahy.com\/index.php\/wp-json\/wp\/v2\/media?parent=109"}],"curies":[{"name":"wp","href":"https:\/\/api.w.org\/{rel}","templated":true}]}}