{"id":104,"date":"2025-03-25T07:09:57","date_gmt":"2025-03-25T07:09:57","guid":{"rendered":"https:\/\/www.kulickodrahy.com\/?page_id=104"},"modified":"2026-02-25T10:29:28","modified_gmt":"2026-02-25T10:29:28","slug":"kulickodraha-do-hotelu-a-na-detske-hriste","status":"publish","type":"page","link":"https:\/\/www.kulickodrahy.com\/index.php\/kulickodraha-do-hotelu-a-na-detske-hriste\/","title":{"rendered":"Kuli\u010dkodr\u00e1ha do hotelu a na d\u011btsk\u00e9 h\u0159i\u0161t\u011b"},"content":{"rendered":"<p>[et_pb_section fb_built=&#8220;1&#8243; _builder_version=&#8220;4.27.4&#8243; _module_preset=&#8220;default&#8220; background_enable_color=&#8220;off&#8220; background_image=&#8220;http:\/\/www.kulickodrahy.com\/wp-content\/uploads\/2025\/05\/drevo-struktura-cb-sv.jpg&#8220; parallax=&#8220;on&#8220; min_height=&#8220;243.6px&#8220; custom_padding=&#8220;4px||34px||false|false&#8220; global_colors_info=&#8220;{}&#8220;][et_pb_row column_structure=&#8220;1_4,3_4&#8243; _builder_version=&#8220;4.27.4&#8243; _module_preset=&#8220;default&#8220; width=&#8220;100%&#8220; max_width=&#8220;1250px&#8220; module_alignment=&#8220;left&#8220; custom_padding=&#8220;||10px|||&#8220; global_colors_info=&#8220;{}&#8220;][et_pb_column type=&#8220;1_4&#8243; _builder_version=&#8220;4.27.4&#8243; _module_preset=&#8220;default&#8220; global_colors_info=&#8220;{}&#8220;][et_pb_image src=&#8220;http:\/\/www.kulickodrahy.com\/wp-content\/uploads\/2025\/05\/favicon-kulickodrahy.png&#8220; title_text=&#8220;favicon kulickodrahy&#8220; url=&#8220;https:\/\/www.kulickodrahy.com\/&#8220; align=&#8220;center&#8220; _builder_version=&#8220;4.27.4&#8243; _module_preset=&#8220;default&#8220; width=&#8220;60%&#8220; module_alignment=&#8220;center&#8220; max_height_tablet=&#8220;106px&#8220; max_height_phone=&#8220;100px&#8220; max_height_last_edited=&#8220;on|phone&#8220; animation_style=&#8220;roll&#8220; animation_duration=&#8220;1600ms&#8220; animation_intensity_roll=&#8220;100%&#8220; animation_starting_opacity=&#8220;100%&#8220; animation_speed_curve=&#8220;linear&#8220; animation_repeat=&#8220;loop&#8220; global_colors_info=&#8220;{}&#8220;][\/et_pb_image][\/et_pb_column][et_pb_column type=&#8220;3_4&#8243; _builder_version=&#8220;4.27.4&#8243; _module_preset=&#8220;default&#8220; global_colors_info=&#8220;{}&#8220;][et_pb_text _builder_version=&#8220;4.27.4&#8243; _module_preset=&#8220;default&#8220; text_text_color=&#8220;#000000&#8243; header_font=&#8220;Big Shoulders Inline Text|800|||||||&#8220; header_text_align=&#8220;left&#8220; header_text_color=&#8220;#774500&#8243; header_font_size=&#8220;5em&#8220; custom_margin=&#8220;2px||0px||false|false&#8220; custom_margin_tablet=&#8220;&#8220; custom_margin_phone=&#8220;3px||0px||false|false&#8220; custom_margin_last_edited=&#8220;on|phone&#8220; custom_padding=&#8220;14px|||5px|false|false&#8220; header_text_align_tablet=&#8220;&#8220; header_text_align_phone=&#8220;center&#8220; header_text_align_last_edited=&#8220;on|phone&#8220; header_font_size_tablet=&#8220;&#8220; header_font_size_phone=&#8220;3em&#8220; header_font_size_last_edited=&#8220;on|phone&#8220; text_orientation_tablet=&#8220;&#8220; text_orientation_phone=&#8220;center&#8220; text_orientation_last_edited=&#8220;on|phone&#8220; global_colors_info=&#8220;{}&#8220;]<\/p>\n<h1>Kuli\u010dkodr\u00e1ha do hotelu a na d\u011btsk\u00e9 h\u0159i\u0161t\u011b<\/h1>\n<p>[\/et_pb_text][\/et_pb_column][\/et_pb_row][\/et_pb_section][et_pb_section fb_built=&#8220;1&#8243; _builder_version=&#8220;4.27.4&#8243; _module_preset=&#8220;default&#8220; custom_padding=&#8220;||||false|false&#8220; global_colors_info=&#8220;{}&#8220;][et_pb_row column_structure=&#8220;1_2,1_2&#8243; _builder_version=&#8220;4.27.4&#8243; _module_preset=&#8220;default&#8220; custom_margin=&#8220;-40px|auto||auto||&#8220; global_colors_info=&#8220;{}&#8220;][et_pb_column type=&#8220;1_2&#8243; _builder_version=&#8220;4.27.4&#8243; _module_preset=&#8220;default&#8220; global_colors_info=&#8220;{}&#8220;][et_pb_image src=&#8220;http:\/\/www.kulickodrahy.com\/wp-content\/uploads\/2025\/04\/Turnov_20241013_133926.jpg&#8220; title_text=&#8220;Turnov_20241013_133926&#8243; _builder_version=&#8220;4.27.4&#8243; _module_preset=&#8220;default&#8220; global_colors_info=&#8220;{}&#8220;][\/et_pb_image][\/et_pb_column][et_pb_column type=&#8220;1_2&#8243; _builder_version=&#8220;4.27.4&#8243; _module_preset=&#8220;default&#8220; global_colors_info=&#8220;{}&#8220;][et_pb_text _builder_version=&#8220;4.27.4&#8243; _module_preset=&#8220;default&#8220; text_text_color=&#8220;#774500&#8243; text_font_size=&#8220;16px&#8220; header_2_font=&#8220;|800|||||||&#8220; header_2_text_color=&#8220;#774500&#8243; header_2_line_height=&#8220;1.3em&#8220; global_colors_info=&#8220;{}&#8220;]<\/p>\n<p>D\u011bti si hraj\u00ed, rodi\u010de p\u0159ihl\u00ed\u017eej\u00ed, a ne\u017e se nad\u011bj\u00ed, u\u017e sami pos\u00edlaj\u00ed kuli\u010dky dol\u016f po dr\u00e1ze. Spole\u010dn\u00e1 radost nezn\u00e1 v\u011bk \u2013 d\u0159ev\u011bn\u00e1 kuli\u010dkodr\u00e1ha propojuje mal\u00e9 i velk\u00e9 v jednoduch\u00e9, ale kouzeln\u00e9 h\u0159e.<\/p>\n<p><em>\u201eTvo\u0159te spole\u010dn\u011b nezapomenuteln\u00e9 okam\u017eiky.\u201c<\/em><\/p>\n<h2>Kuli\u010dkodr\u00e1ha do hotelu<\/h2>\n<p>Kuli\u010dkodr\u00e1ha do hotelu je skv\u011bl\u00fdm zp\u016fsobem, jak zpest\u0159it pobyt v hotelu a nab\u00eddnout host\u016fm z\u00e1bavu.<\/p>\n<ul>\n<li>Vhodn\u00e1 pro d\u011bti i dosp\u011bl\u00e9, poskytuje interaktivn\u00ed z\u00e1\u017eitek.<\/li>\n<li>Pom\u00e1h\u00e1 rozv\u00edjet motoriku a prostorovou orientaci.<\/li>\n<\/ul>\n<h2>Kuli\u010dkodr\u00e1ha do restaurace<\/h2>\n<p>Kuli\u010dkodr\u00e1ha do restaurace je z\u00e1bavn\u00fdm prvkem, kter\u00fd zp\u0159\u00edjemn\u00ed host\u016fm \u010das, zejm\u00e9na rodin\u00e1m s d\u011btmi.<\/p>\n<ul>\n<li>Podporuje z\u00e1bavu p\u0159i \u010dek\u00e1n\u00ed na j\u00eddlo a udr\u017euje pozornost d\u011bt\u00ed.<\/li>\n<li>Vytv\u00e1\u0159\u00ed p\u0159\u00e1telskou atmosf\u00e9ru a zlep\u0161uje z\u00e1\u017eitek z n\u00e1v\u0161t\u011bvy.<\/li>\n<\/ul>\n<p>[\/et_pb_text][\/et_pb_column][\/et_pb_row][et_pb_row _builder_version=&#8220;4.27.4&#8243; _module_preset=&#8220;default&#8220; global_colors_info=&#8220;{}&#8220;][et_pb_column type=&#8220;4_4&#8243; _builder_version=&#8220;4.27.4&#8243; _module_preset=&#8220;default&#8220; global_colors_info=&#8220;{}&#8220;][et_pb_text _builder_version=&#8220;4.27.4&#8243; _module_preset=&#8220;default&#8220; text_text_color=&#8220;#774500&#8243; text_font_size=&#8220;16px&#8220; header_2_font=&#8220;|800|||||||&#8220; header_2_text_color=&#8220;#774500&#8243; header_2_line_height=&#8220;1.3em&#8220; global_colors_info=&#8220;{}&#8220;]<\/p>\n<h2>Kuli\u010dkodr\u00e1ha na d\u011btsk\u00e9 h\u0159i\u0161t\u011b<\/h2>\n<p>Kuli\u010dkodr\u00e1ha na d\u011btsk\u00e9 h\u0159i\u0161t\u011b je skv\u011bl\u00fd zp\u016fsob, jak podpo\u0159it aktivn\u00ed hru a rozvoj d\u011bt\u00ed.<\/p>\n<ul>\n<li>Poskytuje hodiny z\u00e1bavy a stimulace pro mal\u00e9 d\u011bti.<\/li>\n<li>Pom\u00e1h\u00e1 zlep\u0161it koordinaci a jemnou motoriku p\u0159i manipulaci s kuli\u010dkami.<\/li>\n<\/ul>\n<p>Zaujala v\u00e1s my\u0161lenka origin\u00e1ln\u00ed z\u00e1bavy? Jsem Ond\u0159ej Ma\u0161ek, autor kvalitn\u00edch d\u0159ev\u011bn\u00fdch kuli\u010dkodr\u00e1h, kter\u00e9 nejsou nikdy stejn\u00e9. Ka\u017edou kuli\u010dkodr\u00e1hu lad\u00edm na m\u00edst\u011b s dl\u00e1tem v ruce. Pamatuji si ka\u017edou zat\u00e1\u010dku a vn\u00edm\u00e1m ka\u017edou prohlube\u0148, kter\u00e1 ur\u010duje celkovou dynamiku dr\u00e1hy.<\/p>\n<p>Napi\u0161te mi. Spole\u010dn\u011b se pod\u00edv\u00e1me na va\u0161i p\u0159edstavu, finan\u010dn\u00ed mo\u017enosti a moje n\u00e1pady. Najdeme cestu, na jej\u00edm\u017e konci budete m\u00edt svou vlastn\u00ed kuli\u010dkodr\u00e1hu, kter\u00e1 m\u016f\u017ee b\u00fdt kr\u00e1tk\u00e9, ale i dlouh\u00e1, spletit\u00e1 i jednoduch\u00e1. Z\u00e1le\u017e\u00ed jen na v\u00e1s.<\/p>\n<p>[\/et_pb_text][\/et_pb_column][\/et_pb_row][\/et_pb_section][et_pb_section fb_built=&#8220;1&#8243; _builder_version=&#8220;4.27.4&#8243; _module_preset=&#8220;default&#8220; background_color=&#8220;#ffffff&#8220; background_image=&#8220;http:\/\/www.kulickodrahy.com\/wp-content\/uploads\/2025\/05\/drevo-struktura-soft.jpg&#8220; parallax=&#8220;on&#8220; background_enable_video_mp4=&#8220;off&#8220; min_height=&#8220;353px&#8220; custom_padding=&#8220;2px|||||&#8220; global_colors_info=&#8220;{}&#8220;][et_pb_row column_structure=&#8220;1_2,1_2&#8243; _builder_version=&#8220;4.27.4&#8243; _module_preset=&#8220;default&#8220; max_width=&#8220;1085px&#8220; module_alignment=&#8220;center&#8220; global_colors_info=&#8220;{}&#8220;][et_pb_column type=&#8220;1_2&#8243; _builder_version=&#8220;4.27.4&#8243; _module_preset=&#8220;default&#8220; global_colors_info=&#8220;{}&#8220;][et_pb_text _builder_version=&#8220;4.27.4&#8243; _module_preset=&#8220;default&#8220; text_text_color=&#8220;#000000&#8243; text_font_size=&#8220;21px&#8220; link_font=&#8220;||||on||||&#8220; link_text_color=&#8220;#255268&#8243; link_font_size=&#8220;20px&#8220; link_line_height=&#8220;1.4em&#8220; ul_text_color=&#8220;#255268&#8243; header_2_font=&#8220;||||||||&#8220; header_2_text_color=&#8220;#255268&#8243; header_2_font_size=&#8220;32px&#8220; header_2_line_height=&#8220;1.3em&#8220; global_colors_info=&#8220;{}&#8220;]<\/p>\n<h2>Na\u0161e slu\u017eby<\/h2>\n<ul>\n<li><a href=\"https:\/\/www.kulickodrahy.com\/index.php\/venkovni-drevena-kulickodraha\/\"><span style=\"font-weight: 400;\">V<\/span><span style=\"font-weight: 400;\">enkovn\u00ed d\u0159ev\u011bn\u00e1 kuli\u010dkodr\u00e1ha<\/span><\/a><\/li>\n<li><a href=\"https:\/\/www.kulickodrahy.com\/index.php\/drevena-kulickodraha-pro-verejne-prostory\/\"><span style=\"font-weight: 400;\">D\u0159ev\u011bn\u00e1 kuli\u010dkodr\u00e1ha pro ve\u0159ejn\u00e9 prostory<\/span><\/a><\/li>\n<li><a href=\"https:\/\/www.kulickodrahy.com\/index.php\/kulickodraha-do-hotelu-a-na-detske-hriste\/\"><span style=\"font-weight: 400;\">Kuli\u010dkodr\u00e1ha do hotelu<\/span><span style=\"font-weight: 400;\"> a na d\u011btsk\u00e9 h\u0159i\u0161t\u011b<\/span><\/a><span style=\"font-weight: 400;\"><\/span><\/li>\n<li><a href=\"https:\/\/www.kulickodrahy.com\/index.php\/interaktivni-drevene-hry-pro-deti\/\"><span style=\"font-weight: 400;\">Interaktivn\u00ed d\u0159ev\u011bn\u00e9 hry pro d\u011bti<\/span><\/a><\/li>\n<li><a href=\"https:\/\/www.kulickodrahy.com\/index.php\/detska-atrakce-do-parku\/\"><span style=\"font-weight: 400;\">D\u011btsk\u00e1 atrakce do parku<\/span><\/a><\/li>\n<li><a href=\"https:\/\/www.kulickodrahy.com\/index.php\/originalni-dreveny-mobiliar\/\"><span style=\"font-weight: 400;\">Origin\u00e1ln\u00ed d\u0159ev\u011bn\u00fd mobili\u00e1\u0159<\/span><\/a><\/li>\n<li><a href=\"https:\/\/www.kulickodrahy.com\/index.php\/co-je-to-participativni-rozpocet\/\"><span style=\"font-weight: 400;\">Co je to participativn\u00ed rozpo\u010det?<\/span><\/a><\/li>\n<\/ul>\n<p>[\/et_pb_text][\/et_pb_column][et_pb_column type=&#8220;1_2&#8243; _builder_version=&#8220;4.27.4&#8243; _module_preset=&#8220;default&#8220; global_colors_info=&#8220;{}&#8220;][et_pb_text _builder_version=&#8220;4.27.4&#8243; _module_preset=&#8220;default&#8220; text_text_color=&#8220;#255268&#8243; text_font_size=&#8220;20px&#8220; text_line_height=&#8220;1.8em&#8220; link_text_color=&#8220;#0cfaff&#8220; link_font_size=&#8220;21px&#8220; header_2_font=&#8220;||||||||&#8220; header_2_text_color=&#8220;#255268&#8243; header_2_font_size=&#8220;32px&#8220; header_2_line_height=&#8220;1.3em&#8220; header_3_text_color=&#8220;#FFFFFF&#8220; header_3_font_size=&#8220;28px&#8220; text_orientation=&#8220;center&#8220; min_height=&#8220;247px&#8220; custom_padding=&#8220;0px|10px||10px|false|false&#8220; global_colors_info=&#8220;{}&#8220;]<\/p>\n<h2>Kontakt:<\/h2>\n<p>Ond\u0159ej Ma\u0161ek<br \/>dramasek@seznam.cz<br \/>Tel.: 604 342 098<\/p>\n<p>[\/et_pb_text][\/et_pb_column][\/et_pb_row][\/et_pb_section]<\/p>\n","protected":false},"excerpt":{"rendered":"<p>Kuli\u010dkodr\u00e1ha do hotelu a na d\u011btsk\u00e9 h\u0159i\u0161t\u011bD\u011bti si hraj\u00ed, rodi\u010de p\u0159ihl\u00ed\u017eej\u00ed, a ne\u017e se nad\u011bj\u00ed, u\u017e sami pos\u00edlaj\u00ed kuli\u010dky dol\u016f po dr\u00e1ze. Spole\u010dn\u00e1 radost nezn\u00e1 v\u011bk \u2013 d\u0159ev\u011bn\u00e1 kuli\u010dkodr\u00e1ha propojuje mal\u00e9 i velk\u00e9 v jednoduch\u00e9, ale kouzeln\u00e9 h\u0159e. \u201eTvo\u0159te spole\u010dn\u011b nezapomenuteln\u00e9 okam\u017eiky.\u201c Kuli\u010dkodr\u00e1ha do hotelu Kuli\u010dkodr\u00e1ha do hotelu je skv\u011bl\u00fdm zp\u016fsobem, jak zpest\u0159it pobyt v [&hellip;]<\/p>\n","protected":false},"author":2,"featured_media":0,"parent":0,"menu_order":0,"comment_status":"closed","ping_status":"closed","template":"page-template-blank.php","meta":{"_et_pb_use_builder":"on","_et_pb_old_content":"","_et_gb_content_width":"","footnotes":""},"class_list":["post-104","page","type-page","status-publish","hentry"],"yoast_head":"<!-- This site is optimized with the Yoast SEO plugin v24.7 - https:\/\/yoast.com\/wordpress\/plugins\/seo\/ -->\n<title>Kuli\u010dkodr\u00e1ha do hotelu | Kuli\u010dkodr\u00e1hy<\/title>\n<meta name=\"description\" content=\"M\u00e1te zmlsan\u00e9 turisty? \u0160ipky je nebav\u00ed a na kule\u010dn\u00edk se pr\u00e1\u0161\u00ed? Instalujte pro n\u011b kuli\u010dkodr\u00e1hu do restaurace a kuli\u010dkodr\u00e1hu na d\u011btsk\u00e9 h\u0159i\u0161t\u011b. Kulickodrahy.com\" \/>\n<meta name=\"robots\" content=\"index, follow, max-snippet:-1, max-image-preview:large, max-video-preview:-1\" \/>\n<link rel=\"canonical\" href=\"https:\/\/www.kulickodrahy.com\/index.php\/kulickodraha-do-hotelu-a-na-detske-hriste\/\" \/>\n<meta property=\"og:locale\" content=\"cs_CZ\" \/>\n<meta property=\"og:type\" content=\"article\" \/>\n<meta property=\"og:title\" content=\"Kuli\u010dkodr\u00e1ha do hotelu | Kuli\u010dkodr\u00e1hy\" \/>\n<meta property=\"og:description\" content=\"M\u00e1te zmlsan\u00e9 turisty? \u0160ipky je nebav\u00ed a na kule\u010dn\u00edk se pr\u00e1\u0161\u00ed? Instalujte pro n\u011b kuli\u010dkodr\u00e1hu do restaurace a kuli\u010dkodr\u00e1hu na d\u011btsk\u00e9 h\u0159i\u0161t\u011b. Kulickodrahy.com\" \/>\n<meta property=\"og:url\" content=\"https:\/\/www.kulickodrahy.com\/index.php\/kulickodraha-do-hotelu-a-na-detske-hriste\/\" \/>\n<meta property=\"og:site_name\" content=\"kulickodrahy.com\" \/>\n<meta property=\"article:modified_time\" content=\"2026-02-25T10:29:28+00:00\" \/>\n<meta name=\"twitter:card\" content=\"summary_large_image\" \/>\n<meta name=\"twitter:label1\" content=\"Odhadovan\u00e1 doba \u010dten\u00ed\" \/>\n\t<meta name=\"twitter:data1\" content=\"2 minuty\" \/>\n<script type=\"application\/ld+json\" class=\"yoast-schema-graph\">{\"@context\":\"https:\/\/schema.org\",\"@graph\":[{\"@type\":\"WebPage\",\"@id\":\"https:\/\/www.kulickodrahy.com\/index.php\/kulickodraha-do-hotelu-a-na-detske-hriste\/\",\"url\":\"https:\/\/www.kulickodrahy.com\/index.php\/kulickodraha-do-hotelu-a-na-detske-hriste\/\",\"name\":\"Kuli\u010dkodr\u00e1ha do hotelu | Kuli\u010dkodr\u00e1hy\",\"isPartOf\":{\"@id\":\"https:\/\/www.kulickodrahy.com\/#website\"},\"datePublished\":\"2025-03-25T07:09:57+00:00\",\"dateModified\":\"2026-02-25T10:29:28+00:00\",\"description\":\"M\u00e1te zmlsan\u00e9 turisty? \u0160ipky je nebav\u00ed a na kule\u010dn\u00edk se pr\u00e1\u0161\u00ed? Instalujte pro n\u011b kuli\u010dkodr\u00e1hu do restaurace a kuli\u010dkodr\u00e1hu na d\u011btsk\u00e9 h\u0159i\u0161t\u011b. Kulickodrahy.com\",\"breadcrumb\":{\"@id\":\"https:\/\/www.kulickodrahy.com\/index.php\/kulickodraha-do-hotelu-a-na-detske-hriste\/#breadcrumb\"},\"inLanguage\":\"cs\",\"potentialAction\":[{\"@type\":\"ReadAction\",\"target\":[\"https:\/\/www.kulickodrahy.com\/index.php\/kulickodraha-do-hotelu-a-na-detske-hriste\/\"]}]},{\"@type\":\"BreadcrumbList\",\"@id\":\"https:\/\/www.kulickodrahy.com\/index.php\/kulickodraha-do-hotelu-a-na-detske-hriste\/#breadcrumb\",\"itemListElement\":[{\"@type\":\"ListItem\",\"position\":1,\"name\":\"Dom\u016f\",\"item\":\"https:\/\/www.kulickodrahy.com\/\"},{\"@type\":\"ListItem\",\"position\":2,\"name\":\"Kuli\u010dkodr\u00e1ha do hotelu a na d\u011btsk\u00e9 h\u0159i\u0161t\u011b\"}]},{\"@type\":\"WebSite\",\"@id\":\"https:\/\/www.kulickodrahy.com\/#website\",\"url\":\"https:\/\/www.kulickodrahy.com\/\",\"name\":\"kulickodrahy.com\",\"description\":\"velk\u00e9 venkovn\u00ed kuli\u010dkodr\u00e1hy\",\"potentialAction\":[{\"@type\":\"SearchAction\",\"target\":{\"@type\":\"EntryPoint\",\"urlTemplate\":\"https:\/\/www.kulickodrahy.com\/?s={search_term_string}\"},\"query-input\":{\"@type\":\"PropertyValueSpecification\",\"valueRequired\":true,\"valueName\":\"search_term_string\"}}],\"inLanguage\":\"cs\"}]}<\/script>\n<!-- \/ Yoast SEO plugin. -->","yoast_head_json":{"title":"Kuli\u010dkodr\u00e1ha do hotelu | Kuli\u010dkodr\u00e1hy","description":"M\u00e1te zmlsan\u00e9 turisty? \u0160ipky je nebav\u00ed a na kule\u010dn\u00edk se pr\u00e1\u0161\u00ed? Instalujte pro n\u011b kuli\u010dkodr\u00e1hu do restaurace a kuli\u010dkodr\u00e1hu na d\u011btsk\u00e9 h\u0159i\u0161t\u011b. Kulickodrahy.com","robots":{"index":"index","follow":"follow","max-snippet":"max-snippet:-1","max-image-preview":"max-image-preview:large","max-video-preview":"max-video-preview:-1"},"canonical":"https:\/\/www.kulickodrahy.com\/index.php\/kulickodraha-do-hotelu-a-na-detske-hriste\/","og_locale":"cs_CZ","og_type":"article","og_title":"Kuli\u010dkodr\u00e1ha do hotelu | Kuli\u010dkodr\u00e1hy","og_description":"M\u00e1te zmlsan\u00e9 turisty? \u0160ipky je nebav\u00ed a na kule\u010dn\u00edk se pr\u00e1\u0161\u00ed? Instalujte pro n\u011b kuli\u010dkodr\u00e1hu do restaurace a kuli\u010dkodr\u00e1hu na d\u011btsk\u00e9 h\u0159i\u0161t\u011b. Kulickodrahy.com","og_url":"https:\/\/www.kulickodrahy.com\/index.php\/kulickodraha-do-hotelu-a-na-detske-hriste\/","og_site_name":"kulickodrahy.com","article_modified_time":"2026-02-25T10:29:28+00:00","twitter_card":"summary_large_image","twitter_misc":{"Odhadovan\u00e1 doba \u010dten\u00ed":"2 minuty"},"schema":{"@context":"https:\/\/schema.org","@graph":[{"@type":"WebPage","@id":"https:\/\/www.kulickodrahy.com\/index.php\/kulickodraha-do-hotelu-a-na-detske-hriste\/","url":"https:\/\/www.kulickodrahy.com\/index.php\/kulickodraha-do-hotelu-a-na-detske-hriste\/","name":"Kuli\u010dkodr\u00e1ha do hotelu | Kuli\u010dkodr\u00e1hy","isPartOf":{"@id":"https:\/\/www.kulickodrahy.com\/#website"},"datePublished":"2025-03-25T07:09:57+00:00","dateModified":"2026-02-25T10:29:28+00:00","description":"M\u00e1te zmlsan\u00e9 turisty? \u0160ipky je nebav\u00ed a na kule\u010dn\u00edk se pr\u00e1\u0161\u00ed? Instalujte pro n\u011b kuli\u010dkodr\u00e1hu do restaurace a kuli\u010dkodr\u00e1hu na d\u011btsk\u00e9 h\u0159i\u0161t\u011b. Kulickodrahy.com","breadcrumb":{"@id":"https:\/\/www.kulickodrahy.com\/index.php\/kulickodraha-do-hotelu-a-na-detske-hriste\/#breadcrumb"},"inLanguage":"cs","potentialAction":[{"@type":"ReadAction","target":["https:\/\/www.kulickodrahy.com\/index.php\/kulickodraha-do-hotelu-a-na-detske-hriste\/"]}]},{"@type":"BreadcrumbList","@id":"https:\/\/www.kulickodrahy.com\/index.php\/kulickodraha-do-hotelu-a-na-detske-hriste\/#breadcrumb","itemListElement":[{"@type":"ListItem","position":1,"name":"Dom\u016f","item":"https:\/\/www.kulickodrahy.com\/"},{"@type":"ListItem","position":2,"name":"Kuli\u010dkodr\u00e1ha do hotelu a na d\u011btsk\u00e9 h\u0159i\u0161t\u011b"}]},{"@type":"WebSite","@id":"https:\/\/www.kulickodrahy.com\/#website","url":"https:\/\/www.kulickodrahy.com\/","name":"kulickodrahy.com","description":"velk\u00e9 venkovn\u00ed kuli\u010dkodr\u00e1hy","potentialAction":[{"@type":"SearchAction","target":{"@type":"EntryPoint","urlTemplate":"https:\/\/www.kulickodrahy.com\/?s={search_term_string}"},"query-input":{"@type":"PropertyValueSpecification","valueRequired":true,"valueName":"search_term_string"}}],"inLanguage":"cs"}]}},"_links":{"self":[{"href":"https:\/\/www.kulickodrahy.com\/index.php\/wp-json\/wp\/v2\/pages\/104","targetHints":{"allow":["GET"]}}],"collection":[{"href":"https:\/\/www.kulickodrahy.com\/index.php\/wp-json\/wp\/v2\/pages"}],"about":[{"href":"https:\/\/www.kulickodrahy.com\/index.php\/wp-json\/wp\/v2\/types\/page"}],"author":[{"embeddable":true,"href":"https:\/\/www.kulickodrahy.com\/index.php\/wp-json\/wp\/v2\/users\/2"}],"replies":[{"embeddable":true,"href":"https:\/\/www.kulickodrahy.com\/index.php\/wp-json\/wp\/v2\/comments?post=104"}],"version-history":[{"count":11,"href":"https:\/\/www.kulickodrahy.com\/index.php\/wp-json\/wp\/v2\/pages\/104\/revisions"}],"predecessor-version":[{"id":472,"href":"https:\/\/www.kulickodrahy.com\/index.php\/wp-json\/wp\/v2\/pages\/104\/revisions\/472"}],"wp:attachment":[{"href":"https:\/\/www.kulickodrahy.com\/index.php\/wp-json\/wp\/v2\/media?parent=104"}],"curies":[{"name":"wp","href":"https:\/\/api.w.org\/{rel}","templated":true}]}}